{"id":1551,"date":"2018-02-16T11:53:55","date_gmt":"2018-02-16T10:53:55","guid":{"rendered":"http:\/\/www.hotel-vodisek.com\/web\/?page_id=1551"},"modified":"2024-10-11T13:14:37","modified_gmt":"2024-10-11T12:14:37","slug":"promocija-adriatic-coast","status":"publish","type":"page","link":"https:\/\/www.hotel-vodisek.com\/web\/promocija-adriatic-coast\/","title":{"rendered":"Adriatic Coast"},"content":{"rendered":"\n\n\n<section   class=\"  reg_section  \" >\n\n\n    <div class=\"container \">\n\t\t\n\t\t\t\t<h2 class=\"reg_main_title\">Kako Odkriti Jadransko Obalo?<\/h2><br>\n\t\t\n\t\t\t\t\n\t\t<!-- Content -->\n\t\t<div class=\"fw-row\">\n\t\n\n\n\n<div class=\"fw-col-xs-12\">\n\t<div class=\"text_block\">\n\n<h2>Predlogi!<\/h2>\n\n<h3>...da lahko najdete zanimive kraje, ki jih je na Jadranski obali vredno obiskati...<\/h3>\n\n\n\n\n<p>Receptorke in receptorji Hotela Vodi\u0161ek smo vam na razpolago za vsa vpra\u0161anja in stvari, ki vas zanimajo.<\/p><h3>Razi\u0161\u010dite Koper (Slovenija) :<\/h3><ol><li>Koper lahko odkrivate pe\u0161.<\/li><li><span class=\"renderable-component\"><span class=\"renderable-component-text renderable-component-text-not-line renderable-component-bold\">Lahko ga odkrivate s kolesom (kolesa so na recepciji na voljo brezpla\u010dno).<\/span><\/span><\/li><li><span class=\"renderable-component\"><span class=\"renderable-component-text renderable-component-text-not-line\">Ali ga razi\u0161\u010dete z avtom. ( <a href=\"https:\/\/www.sixt.com\/car-rental\/slovenia\/koper\" target=\"_blank\" rel=\"noopener\">Six<\/a> - Rent a Car )<\/span><\/span><\/li><\/ol><p>Poglejte zemljevid Kopra <a href=\"https:\/\/www.google.si\/maps\/place\/6000+Koper\/@45.5405782,13.6901355,13z\/data=!3m1!4b1!4m5!3m4!1s0x477b5d2b02db9545:0x400f81c823ff350!8m2!3d45.548059!4d13.7301877\" target=\"_blank\" rel=\"noopener\">Tukaj<\/a><\/p><h3>Razi\u0161\u010dite Izolo (Slovenija) :<\/h3><ol><li>Odkrijte jo pe\u0161 (\u010de imate dovolj kondicije).<\/li><li>Lahko jo razi\u0161\u010dete s kolesom (kolesa so na recepciji na voljo brezpla\u010dno).<\/li><li><span class=\"renderable-component\"><span class=\"renderable-component-text renderable-component-text-not-line\">Lahko jo odkrivate z avtom. ( <a href=\"https:\/\/www.sixt.com\/car-rental\/slovenia\/koper\" target=\"_blank\" rel=\"noopener\">Six<\/a> - Rent a Car )<\/span><\/span><\/li><li>Ali pa se odpravite z avtobusom. ( Bus <a href=\"http:\/\/arriva.si\/en\/naslovna\/aktualni-vozni-redi-ceniki\/arriva-vozni-redi\/koper-mestni-promet\/\" target=\"_blank\" rel=\"noopener\">Arriva<\/a> )<\/li><\/ol><p>Poglejte zemljevid <span class=\"renderable-component\"><span class=\"renderable-component-text renderable-component-text-not-line\">Izole\u00a0<\/span><\/span><a href=\"https:\/\/www.google.si\/maps\/place\/6310+Izola\/@45.5312498,13.6526969,14z\/data=!3m1!4b1!4m5!3m4!1s0x477b658b991223c5:0x4ab5e20e27a5af2a!8m2!3d45.5374048!4d13.6600802\" target=\"_blank\" rel=\"noopener\">Tukaj<\/a><\/p><h3>Razi\u0161\u010dite Portoro\u017e (Slovenija) :<\/h3><ol><li><span class=\"renderable-component\"><span class=\"renderable-component-text renderable-component-text-not-line\">Lahko ga odkrivate z avtom. ( <a href=\"https:\/\/www.sixt.com\/car-rental\/slovenia\/koper\" target=\"_blank\" rel=\"noopener\">Six<\/a> - Rent a Car )<\/span><\/span><\/li><li>Ali pa se tja odpravite z avtobusom. ( Bus <a href=\"http:\/\/arriva.si\/en\/naslovna\/aktualni-vozni-redi-ceniki\/arriva-vozni-redi\/koper-mestni-promet\/\" target=\"_blank\" rel=\"noopener\">Arriva<\/a> )<\/li><\/ol><p><span class=\"renderable-component\"><span class=\"renderable-component-text renderable-component-text-not-line\">Poglejte zemljevid Portoro\u017ea<\/span><\/span>\u00a0<a href=\"https:\/\/www.google.si\/maps\/place\/Portoro%C5%BE\/@45.5175424,13.5772728,15z\/data=!3m1!4b1!4m5!3m4!1s0x477b652b1ee7c12b:0xa00f81eceac23f0!8m2!3d45.5142898!4d13.5908455\" target=\"_blank\" rel=\"noopener\">Tukaj<\/a><\/p><h3>Razi\u0161\u010dite Piran (Slovenija) :<\/h3><ol><li><span class=\"renderable-component\"><span class=\"renderable-component-text renderable-component-text-not-line\">Odpravite se z avtom. ( <a href=\"https:\/\/www.sixt.com\/car-rental\/slovenia\/koper\" target=\"_blank\" rel=\"noopener\">Six<\/a> - Rent a Car )<\/span><\/span><\/li><li>Ali pa se tja odpravite z avtobusom. ( Bus <a href=\"http:\/\/arriva.si\/en\/naslovna\/aktualni-vozni-redi-ceniki\/arriva-vozni-redi\/koper-mestni-promet\/\" target=\"_blank\" rel=\"noopener\">Arriva<\/a> )<\/li><\/ol><p><span class=\"renderable-component\"><span class=\"renderable-component-text renderable-component-text-not-line\">Poglejte zemljevid Pirana<\/span><\/span>\u00a0<a href=\"https:\/\/www.google.si\/maps\/place\/6330+Piran\/@45.5240186,13.5647098,16z\/data=!3m1!4b1!4m5!3m4!1s0x477b7ac16a2b5f71:0x94668833574c89ba!8m2!3d45.528319!4d13.5682895\" target=\"_blank\" rel=\"noopener\">Tukaj<\/a><\/p><h3>Razi\u0161\u010dite Ljubljano (Slovenija) :<\/h3><ol><li><span class=\"renderable-component\"><span class=\"renderable-component-text renderable-component-text-not-line\">Odpravite se z avtom. ( <a href=\"https:\/\/www.sixt.com\/car-rental\/slovenia\/koper\" target=\"_blank\" rel=\"noopener\">Six<\/a> - Rent a Car )<\/span><\/span><\/li><li>Lahko se odpravite z avtobusom. ( Bus <a href=\"http:\/\/arriva.si\/en\/naslovna\/aktualni-vozni-redi-ceniki\/arriva-vozni-redi\/koper-mestni-promet\/\" target=\"_blank\" rel=\"noopener\">Arriva<\/a> )<\/li><li>Lahko jo razi\u0161\u00e8ete z vlakom. ( Train\u00a0<a href=\"https:\/\/rail.cc\/en\/train\/koper-to-ljubljana\" target=\"_blank\" rel=\"noopener\">Rail CC<\/a> )<\/li><\/ol><p><span class=\"renderable-component\"><span class=\"renderable-component-text renderable-component-text-not-line\">Poglejte zemljevid Ljubljane<\/span><\/span>\u00a0<a href=\"https:\/\/www.google.si\/maps\/place\/Liubliana\/@46.0662151,14.4620596,12z\/data=!3m1!4b1!4m5!3m4!1s0x476531f5969886d1:0x400f81c823fec20!8m2!3d46.0569465!4d14.5057515\" target=\"_blank\" rel=\"noopener\">Tukaj<\/a><\/p><h3>Razi\u0161\u010dite Pulo (Hrva\u0161ka):<\/h3><ol><li><span class=\"renderable-component\"><span class=\"renderable-component-text renderable-component-text-not-line\">Lahko se odpravite z avtom. ( <a href=\"https:\/\/www.sixt.com\/car-rental\/slovenia\/koper\" target=\"_blank\" rel=\"noopener\">Six<\/a> - Rent a Car )<\/span><\/span><\/li><li>Ali pa jo odkrivate z avtobusom. ( Bus <a href=\"https:\/\/www.flixbus.com\/\" target=\"_blank\" rel=\"noopener\">Flix Bus<\/a> )<\/li><\/ol><p><span class=\"renderable-component\"><span class=\"renderable-component-text renderable-component-text-not-line\">Poglejte zemljevid Pule<\/span><\/span>\u00a0<a href=\"https:\/\/www.google.si\/maps\/place\/Pula,+Cro%C3%A1cia\/@44.8682075,13.8257198,12.75z\/data=!4m5!3m4!1s0x477cd2de09337b6d:0x72324a3a7b4e580d!8m2!3d44.8666232!4d13.8495788\" target=\"_blank\" rel=\"noopener\">Tukaj<\/a><\/p><h3>Razi\u0161\u010dite Trst (Italija):<\/h3><ol><li><span class=\"renderable-component\"><span class=\"renderable-component-text renderable-component-text-not-line\">Lahko greste z avtom. ( <a href=\"https:\/\/www.sixt.com\/car-rental\/slovenia\/koper\" target=\"_blank\" rel=\"noopener\">Six<\/a> - Rent a Car )<\/span><\/span><\/li><li>Lahko se odpravite z avtobusom. ( Bus <a href=\"https:\/\/www.flixbus.com\/\" target=\"_blank\" rel=\"noopener\">Flix Bus<\/a> )<\/li><li>Ali pa ga razi\u0161\u010dete z vlakom. ( Train\u00a0<a href=\"https:\/\/rail.cc\/en\/train\/koper-to-trieste\" target=\"_blank\" rel=\"noopener\">Train CC\u00a0<\/a>)<\/li><\/ol><p>Poglejte zemljevid Trsta\u00a0<a href=\"https:\/\/www.google.si\/maps\/place\/Trieste,+It%C3%A1lia\/@45.6434946,13.7598006,13z\/data=!4m5!3m4!1s0x477b6b06e4edf533:0x666a2484d4dd2b50!8m2!3d45.6495264!4d13.7768182\" target=\"_blank\" rel=\"noopener\">Tukaj<\/a><\/p><h3>Razi\u0161\u010dite Benetke (Italija):<\/h3><ol><li><span class=\"renderable-component\"><span class=\"renderable-component-text renderable-component-text-not-line\">Lahko greste z avtom. ( <a href=\"https:\/\/www.sixt.com\/car-rental\/slovenia\/koper\" target=\"_blank\" rel=\"noopener\">Six<\/a> - Rent a Car )<\/span><\/span><\/li><li>Lahko jih odkrijete z avtobusom. ( Bus <a href=\"https:\/\/www.flixbus.com\/\" target=\"_blank\" rel=\"noopener\">Flix Bus<\/a> )<\/li><li>Lahko se odpravite z vlakom. ( Train\u00a0<a href=\"https:\/\/rail.cc\/en\/train\/koper-to-trieste\" target=\"_blank\" rel=\"noopener\">Train CC\u00a0<\/a>)<\/li><li>Ali pa se tja odpravite po morju. ( <a href=\"https:\/\/www.directferries.co.uk\/piran_venice_ferry.htm\" target=\"_blank\" rel=\"noopener\">Direct Ferries<\/a><a href=\"https:\/\/rail.cc\/en\/train\/koper-to-trieste\" target=\"_blank\" rel=\"noopener\">\u00a0<\/a>)<\/li><\/ol><p><span class=\"renderable-component\"><span class=\"renderable-component-text renderable-component-text-not-line\">Poglejte zemljevid Benetk<\/span><\/span>\u00a0<a href=\"https:\/\/www.google.si\/maps\/place\/Veneza,+It%C3%A1lia\/@45.4622784,12.2871636,11.75z\/data=!4m5!3m4!1s0x477eb1daf1d63d89:0x7ba3c6f0bd92102f!8m2!3d45.4408474!4d12.3155151\" target=\"_blank\" rel=\"noopener\">Tukaj<\/a><\/p><p><strong>Ali potrebujete vodnika? <\/strong>Da vas vodi in vam vse razlo\u017ei? Sodelujemo s profesionalnimi vodniki z dolgoletnimi izku\u0161njami.<\/p><p><strong><a href=\"http:\/\/www.na-poti.si\/\" target=\"_blank\" rel=\"noopener\">Na poti, Turisti\u010dne Storitve<\/a><\/strong> - Ines Cokan<\/p><\/div>\t<div class=\"fw-divider-line\"><hr\/><\/div>\n\n<div class=\"form-wrapper fw-contact-form contact-form\">\n\t<form data-fw-form-id=\"fw_form\" method=\"post\" action=\"https:\/\/www.hotel-vodisek.com\/web\/wp-json\/wp\/v2\/pages\/1551\" class=\"fw_form_fw_form\" data-fw-ext-forms-type=\"contact-forms\"  ><input type=\"hidden\" name=\"fwf\" value=\"fw_form\" \/><input type=\"hidden\" id=\"_nonce_94a489fec0243e0015537204bb637362\" name=\"_nonce_94a489fec0243e0015537204bb637362\" value=\"474842d21b\" \/><input type=\"hidden\" name=\"_wp_http_referer\" value=\"\/web\/wp-json\/wp\/v2\/pages\/1551\" \/><input type=\"hidden\" name=\"fw_ext_forms_form_type\" value=\"contact-forms\" \/><input type=\"hidden\" name=\"fw_ext_forms_form_id\" value=\"9778606a9c63bca6f7827dbaaf641852\" \/><div class=\"wrap-forms\">\n\t<div class=\"fw-row\"><div class=\"fw-col-xs-12 form-builder-item form-builder-item\">\n\t<div class=\"header title\">\n\t\t<h2>Kako narediti rezervacijo?<\/h2>\n\t\t\t\t\t<p>1-Izpolnite polje IME s svojim imenom. 2-Izpolnite polje EMAIL s svojim e-mail naslovom. 3-Izpolnite polje PREDMET z: '4 dni vklju\u00e8no z vikendom' ali '5 dni med tednom'. 4-Izpolnite polje SPORO\u010cILO z drugimi pomembnimi podatki, kot so \u0161tevilo oseb in sob v primeru skupine.<\/p>\n\t\t\t<\/div>\n<\/div><\/div><div class=\"fw-row\"><div class=\"fw-col-xs-12 fw-col-sm-6 form-builder-item\">\n\t<div class=\"field-text\">\n\t\t\t\t<label for=\"id-1\">Ime\t\t\t<sup>*<\/sup>\t\t<\/label>\n\t\t\t\t<input type=\"text\" name=\"text_a3a7961\" placeholder=\"\" value=\"\" id=\"id-1\" required=\"required\" >\n\t\t\t<\/div>\n<\/div><div class=\"fw-col-xs-12 fw-col-sm-6 form-builder-item\">\n\t<div class=\"field-text\">\n\t\t\t\t<label for=\"id-2\">Email\t\t\t<sup>*<\/sup>\t\t<\/label>\n\t\t\t\t<input type=\"text\" name=\"email_f161591\" placeholder=\"\" value=\"\" id=\"id-2\" required=\"required\" >\n\t\t\t<\/div>\n<\/div><\/div><div class=\"fw-row\"><div class=\"fw-col-xs-12 fw-col-sm-6 form-builder-item\">\n\t<div class=\"field-text\">\n\t\t\t\t<label for=\"id-3\">Predmet\t\t\t<sup>*<\/sup>\t\t<\/label>\n\t\t\t\t<input type=\"text\" name=\"text_2f33f9c\" placeholder=\"\" value=\"\" id=\"id-3\" required=\"required\" >\n\t\t\t<\/div>\n<\/div><div class=\"fw-col-xs-12 fw-col-sm-6 form-builder-item\">\n\t<div class=\"field-textarea\">\n\t\t\t\t<label for=\"id-4\">Sporo\u010dilo\t\t\t<sup>*<\/sup>\t\t<\/label>\n\t\t\t\t<textarea name=\"textarea_95b85d1\" placeholder=\"\" id=\"id-4\" required=\"required\" ><\/textarea>\n\t\t\t<\/div>\n<\/div><\/div><div class=\"fw-row\"><div class=\"fw-col-xs-12 fw-col-sm-6 form-builder-item\">\n\t<div class=\"field-recaptcha\">\n\t\t<label>Recaptcha<\/label>\n\t\t<input type=\"hidden\" name=\"recaptcha_a6db278\">\n\t\t<div class=\"form-builder-item-recaptcha\" ><\/div>\n\t<\/div>\n<\/div><\/div><\/div><div>\n\t<input type=\"submit\" value=\"Po\u0161lji\"\/>\n<\/div><\/form><\/div><\/div>\n<\/div>\n\n\n    <\/div>\n<\/section>\n\n\n","protected":false},"excerpt":{"rendered":"<p>Kako Odkriti Jadransko Obalo? Predlogi! &#8230;da lahko najdete zanimive kraje, ki jih je na Jadranski obali vredno obiskati&#8230; Receptorke in [&hellip;]<\/p>\n","protected":false},"author":1,"featured_media":0,"parent":0,"menu_order":20,"comment_status":"closed","ping_status":"closed","template":"template-onepage.php","meta":[],"_links":{"self":[{"href":"https:\/\/www.hotel-vodisek.com\/web\/wp-json\/wp\/v2\/pages\/1551"}],"collection":[{"href":"https:\/\/www.hotel-vodisek.com\/web\/wp-json\/wp\/v2\/pages"}],"about":[{"href":"https:\/\/www.hotel-vodisek.com\/web\/wp-json\/wp\/v2\/types\/page"}],"author":[{"embeddable":true,"href":"https:\/\/www.hotel-vodisek.com\/web\/wp-json\/wp\/v2\/users\/1"}],"replies":[{"embeddable":true,"href":"https:\/\/www.hotel-vodisek.com\/web\/wp-json\/wp\/v2\/comments?post=1551"}],"version-history":[{"count":137,"href":"https:\/\/www.hotel-vodisek.com\/web\/wp-json\/wp\/v2\/pages\/1551\/revisions"}],"predecessor-version":[{"id":2733,"href":"https:\/\/www.hotel-vodisek.com\/web\/wp-json\/wp\/v2\/pages\/1551\/revisions\/2733"}],"wp:attachment":[{"href":"https:\/\/www.hotel-vodisek.com\/web\/wp-json\/wp\/v2\/media?parent=1551"}],"curies":[{"name":"wp","href":"https:\/\/api.w.org\/{rel}","templated":true}]}}