{"id":725,"date":"2017-09-13T17:08:00","date_gmt":"2017-09-13T16:08:00","guid":{"rendered":"http:\/\/www.hotel-vodisek.com\/web\/?page_id=725"},"modified":"2024-10-11T14:02:47","modified_gmt":"2024-10-11T13:02:47","slug":"domov","status":"publish","type":"page","link":"https:\/\/www.hotel-vodisek.com\/web\/","title":{"rendered":"Domov"},"content":{"rendered":"\n\n\n<section   class=\"  reg_section  \" >\n\n\n    <div class=\"container \">\n\t\t\n\t\t\n\t\t\t\t\n\t\t<!-- Content -->\n\t\t<div class=\"fw-row\">\n\t\n\n\n\n<div class=\"fw-col-xs-12\">\n\t<div class=\"text_block\">\n\n\n\n\n\n\n<section id=\"about\" class=\" reg_section \" style=\"background-color: #ffffff;\"><div class=\"container text-center\"><h2 class=\"reg_main_title\" style=\"text-align: center;\">Informacije<br \/>Depandansa Vodi\u0161ek<\/h2><p><!-- Content --><\/p><div class=\"fw-row\"><div class=\"fw-col-xs-12\"><div class=\"row reg_auto_height\"><p><!-- col --><\/p><div class=\"col-md-6 reg_image_bck reg_wht_txt\" data-image=\"https:\/\/www.hotel-vodisek.com\/web\/wp-content\/uploads\/2017\/09\/koper-city-1000x1000.jpg\"><div class=\"reg_over\" data-color=\"#333333\" data-opacity=\"0.5\"><\/div><div class=\"reg_block_center\"><h3><span class=\"reg_underline_title\">Koper<\/span><\/h3><p><span class=\"reg_underline_title\">v eni<\/span><\/p><p><span class=\"reg_underline_title\">minuti<\/span><\/p><\/div><\/div><p><!-- cole end --><\/p><p><!-- col --><\/p><div class=\"col-md-6 reg_image_bck\" data-color=\"#f2f2f2\"><div class=\"reg_simple_block text-left\"><h2>Pomembne informacije<\/h2><h3>Na\u0161a Depandansa Vodi\u0161ek<\/h3><p><span id=\"result_box\" class=\"\" lang=\"en\" style=\"color: #808080;\"><span class=\"\">Na\u0161a depandansa se nahaja v centru Kopra ob obali Adriatika. Idealna je za goste, ki si \u017eelijo kvalitetno storitev za po\u0161teno ceno.<\/span><\/span><\/p><h3><span style=\"color: #808080;\">Rajko Vodi\u0161ek<\/span><\/h3><p><span style=\"color: #808080;\"><span id=\"result_box\" class=\"short_text\" lang=\"sl\"><span class=\"\">Direktor<\/span><\/span><\/span><\/p><\/div><\/div><p><!-- cole end --><\/p><\/div><p><!-- row end --><\/p><\/div><\/div><\/div><\/section><section id=\"reviews\" class=\" reg_fixed reg_section reg_wht_txt \" style=\"background-image: url('https:\/\/www.hotel-vodisek.com\/web\/wp-content\/uploads\/2016\/08\/social-network-icon-confetti-explosion-footage-020528360_prevstill-1400x788.jpeg');\" data-stellar-background-ratio=\"0.4\"><!-- Over --><\/p><div class=\"reg_over\" data-color=\"#292929\" data-opacity=\"0.7\"><\/div><div class=\"container text-center\"><h2 class=\"reg_main_title\" style=\"text-align: center;\">Pregled<br \/>Dru\u017ebena omre\u017eja<\/h2><p><!-- Content --><\/p><div class=\"fw-row\"><div class=\"fw-col-xs-12\"><div class=\"reg_auto_height reg_single_carousel reg_blc_txt\"><p><!-- item --><\/p><div class=\"reg_review_item\"><div class=\"col-md-6 reg_image_bck\" data-image=\"https:\/\/www.hotel-vodisek.com\/web\/wp-content\/uploads\/2017\/09\/booking-1000x1205.png\"><\/div><div class=\"col-md-6 reg_image_bck\" data-color=\"#292929\"><div class=\"reg_simple_block\"><h2><\/h2><h3>Wonderful Staying at Vodisek<\/h3><p>Good location, the old town was easily available from the Vodisek Dependency. The stuff was nice and friendly. The breakfast was delicious. It was worth the money. \ud83d\ude42<\/p><p>Zsu<\/p><p><a class=\"btn\" href=\"https:\/\/www.booking.com\">Read Full Review<\/a><\/p><p><img src=\"https:\/\/www.hotel-vodisek.com\/web\/wp-content\/uploads\/2016\/08\/girl-30x30.png\" alt=\"Wonderful Staying at Vodisek\" \/><\/p><\/div><\/div><\/div><p><!-- item --><\/p><div class=\"reg_review_item\"><div class=\"col-md-6 reg_image_bck\" data-image=\"https:\/\/www.hotel-vodisek.com\/web\/wp-content\/uploads\/2017\/09\/tripadvisor-1000x1205.png\"><\/div><div class=\"col-md-6 reg_image_bck\" data-color=\"#292929\"><div class=\"reg_simple_block\"><h2><\/h2><h3>Traveled with family<\/h3><p>I can add nothing to other reviews but wish to add my own thoughts. This is one of the best value for money accommodations I have ever stayed in. The room was spacious, clean and well maintained, the breakfast more than adequate and the staff incredibly helpful and friendly. Would easily recommend this accommodation.<\/p><p><span class=\"expand_inline scrname\">Lawrence G<\/span><\/p><p><a class=\"btn\" href=\"https:\/\/www.tripadvisor.com\">Read Full Review<\/a><\/p><p><img src=\"https:\/\/www.hotel-vodisek.com\/web\/wp-content\/uploads\/2016\/08\/lawrens-g-30x30.png\" alt=\"Traveled with family\" \/><\/p><\/div><\/div><\/div><p><!-- item --><\/p><div class=\"reg_review_item\"><div class=\"col-md-6 reg_image_bck\" data-image=\"https:\/\/www.hotel-vodisek.com\/web\/wp-content\/uploads\/2017\/09\/expedia-1000x1205.png\"><\/div><div class=\"col-md-6 reg_image_bck\" data-color=\"#292929\"><div class=\"reg_simple_block\"><h2><\/h2><h3>We recommend staying here<\/h3><p>Very clean and comfortable hostel in a great location. The atmosphere was very fun and lively. Definitely would recommend staying here.<\/p><p><a class=\"btn\" href=\"http:\/\/expedia.com\">Read Full Review<\/a><\/p><p><img src=\"https:\/\/www.hotel-vodisek.com\/web\/wp-content\/uploads\/2017\/09\/expedia-25x30.png\" alt=\"We recommend staying here\" \/><\/p><\/div><\/div><\/div><p><!-- item --><\/p><div class=\"reg_review_item\"><div class=\"col-md-6 reg_image_bck\" data-image=\"https:\/\/www.hotel-vodisek.com\/web\/wp-content\/uploads\/2017\/09\/google-1000x1205.png\"><\/div><div class=\"col-md-6 reg_image_bck\" data-color=\"#292929\"><div class=\"reg_simple_block\"><h2><\/h2><h3>Tr\u00e8s agr\u00e9able h\u00e9bergement<\/h3><p><span class=\"r-iFdBRefhW7SE\"><span class=\"review-full-text\"><span dir=\"ltr\">Tr\u00e8s agr\u00e9able h\u00e9bergement, \u00e0 l'ancienne, tr\u00e8s bien tenu. Personnel \u00e0 l'\u00e9coute, service attentif aux demandes des clients, parking gratuit et check-out jusqu'\u00e0 midi. En sus : bon petit d\u00e9jeuner, bon restaurant et bar sympathique. Tr\u00e8s bien plac\u00e9 entre l'autoroute et la vieille ville, au milieu de toutes les commodit\u00e9s. Particuli\u00e8rement recommandable pour tout s\u00e9jour sur la c\u00f4te slov\u00e8ne.<\/span><\/span><\/span><\/p><p><a class=\"_e8k\" href=\"https:\/\/www.google.com\/maps\/contrib\/103928266867488284662\/reviews?hl=pt-PT&amp;sa=X&amp;ved=0ahUKEwi3yLT_mP_VAhVI2RoKHfR2B7EQvvQBCA0\">Romain Thirion<\/a><\/p><p><a class=\"btn\" href=\"https:\/\/plus.google.com\">Read Full Review<\/a><\/p><p><img src=\"https:\/\/www.hotel-vodisek.com\/web\/wp-content\/uploads\/2016\/08\/photo.jpg-30x30.png\" alt=\"Tr\u00e8s agr\u00e9able h\u00e9bergement\" \/><\/p><\/div><\/div><\/div><\/div><\/div><\/div><\/div><\/section><section id=\"gallery\" class=\" reg_section \" style=\"background-color: #ffffff;\"><div class=\"container text-center\"><h2 class=\"reg_main_title\" style=\"text-align: center;\">Galerija<br \/>Poglej!!!<\/h2><p><!-- Content --><\/p><div class=\"fw-row\"><div class=\"fw-col-xs-12\"><p><!-- icon boxes --><\/p><div class=\"row reg_gallery reg_auto_height reg_wht_txt\"><p><!-- item --><\/p><div class=\"col-md-6\"><div class=\"reg_gallery_carousel_txt reg_over\" data-color=\"#292929\" data-opacity=\"0.8\"><h2>Sobe<\/h2><\/div><div class=\"reg_single_carousel reg_gallery_carousel reg_rooms_carousel\"><div class=\"reg_room_block reg_gallery_item reg_image_bck\" data-image=\"https:\/\/www.hotel-vodisek.com\/web\/wp-content\/uploads\/2018\/01\/quadruple-room-french-top-2-1000x1000.jpg\"><\/div><div class=\"reg_room_block reg_gallery_item reg_image_bck\" data-image=\"https:\/\/www.hotel-vodisek.com\/web\/wp-content\/uploads\/2018\/01\/triple-room-french-bed-other-1000x1000.jpg\"><\/div><div class=\"reg_room_block reg_gallery_item reg_image_bck\" data-image=\"https:\/\/www.hotel-vodisek.com\/web\/wp-content\/uploads\/2016\/08\/double-room-e1504796867779-1000x999.jpg\"><\/div><div class=\"reg_room_block reg_gallery_item reg_image_bck\" data-image=\"https:\/\/www.hotel-vodisek.com\/web\/wp-content\/uploads\/2016\/08\/single-room-e1504796854624-1000x999.jpg\"><\/div><\/div><\/div><p><!-- item --><\/p><div class=\"col-md-6\"><div class=\"reg_gallery_carousel_txt reg_over\" data-color=\"#292929\" data-opacity=\"0.8\"><h2>Dru\u017eabni prostori<\/h2><\/div><div class=\"reg_single_carousel reg_gallery_carousel reg_rooms_carousel\"><div class=\"reg_room_block reg_gallery_item reg_image_bck\" data-image=\"https:\/\/www.hotel-vodisek.com\/web\/wp-content\/uploads\/2016\/08\/Reception-e1504797039462-1000x1000.jpg\"><\/div><div class=\"reg_room_block reg_gallery_item reg_image_bck\" data-image=\"https:\/\/www.hotel-vodisek.com\/web\/wp-content\/uploads\/2016\/08\/Bar-e1504796912827-1000x1000.jpg\"><\/div><div class=\"reg_room_block reg_gallery_item reg_image_bck\" data-image=\"https:\/\/www.hotel-vodisek.com\/web\/wp-content\/uploads\/2016\/08\/Wait-e1504796899156-1000x1000.jpg\"><\/div><div class=\"reg_room_block reg_gallery_item reg_image_bck\" data-image=\"https:\/\/www.hotel-vodisek.com\/web\/wp-content\/uploads\/2016\/08\/Coffee-Machine-e1504796883431-1000x1000.jpg\"><\/div><\/div><\/div><p><!-- item --><\/p><div class=\"col-md-6\"><div class=\"reg_gallery_carousel_txt reg_over\" data-color=\"#292929\" data-opacity=\"0.8\"><h2>Zajtrk<\/h2><\/div><div class=\"reg_single_carousel reg_gallery_carousel reg_rooms_carousel\"><div class=\"reg_room_block reg_gallery_item reg_image_bck\" data-image=\"https:\/\/www.hotel-vodisek.com\/web\/wp-content\/uploads\/2016\/08\/Restaurante-Okus-Room-1000x1000.jpg\"><\/div><\/div><\/div><p><!-- item --><\/p><div class=\"col-md-6\"><div class=\"reg_gallery_carousel_txt reg_over\" data-color=\"#292929\" data-opacity=\"0.8\"><h2>Terasa<\/h2><\/div><div class=\"reg_single_carousel reg_gallery_carousel reg_rooms_carousel\"><div class=\"reg_room_block reg_gallery_item reg_image_bck\" data-image=\"https:\/\/www.hotel-vodisek.com\/web\/wp-content\/uploads\/2016\/08\/Entry-e1504796979676-1000x1000.jpg\"><\/div><div class=\"reg_room_block reg_gallery_item reg_image_bck\" data-image=\"https:\/\/www.hotel-vodisek.com\/web\/wp-content\/uploads\/2016\/08\/Terrace-Left-e1504796994846-1000x1000.jpg\"><\/div><div class=\"reg_room_block reg_gallery_item reg_image_bck\" data-image=\"https:\/\/www.hotel-vodisek.com\/web\/wp-content\/uploads\/2016\/08\/Terrace-Right-e1504797022559-1000x1000.jpg\"><\/div><div class=\"reg_room_block reg_gallery_item reg_image_bck\" data-image=\"https:\/\/www.hotel-vodisek.com\/web\/wp-content\/uploads\/2016\/08\/Bikes-e1504797007773-1000x1000.jpg\"><\/div><\/div><\/div><\/div><\/div><\/div><\/div><\/section><\/div><\/div>\n<\/div>\n\n\n    <\/div>\n<\/section>\n\n\n","protected":false},"excerpt":{"rendered":"<p>InformacijeDepandansa Vodi\u0161ekKoperv eniminutiPomembne informacijeNa\u0161a Depandansa Vodi\u0161ekNa\u0161a depandansa se nahaja v centru Kopra ob obali Adriatika. Idealna je za goste, ki [&hellip;]<\/p>\n","protected":false},"author":1,"featured_media":0,"parent":0,"menu_order":1,"comment_status":"closed","ping_status":"closed","template":"template-onepage.php","meta":[],"_links":{"self":[{"href":"https:\/\/www.hotel-vodisek.com\/web\/wp-json\/wp\/v2\/pages\/725"}],"collection":[{"href":"https:\/\/www.hotel-vodisek.com\/web\/wp-json\/wp\/v2\/pages"}],"about":[{"href":"https:\/\/www.hotel-vodisek.com\/web\/wp-json\/wp\/v2\/types\/page"}],"author":[{"embeddable":true,"href":"https:\/\/www.hotel-vodisek.com\/web\/wp-json\/wp\/v2\/users\/1"}],"replies":[{"embeddable":true,"href":"https:\/\/www.hotel-vodisek.com\/web\/wp-json\/wp\/v2\/comments?post=725"}],"version-history":[{"count":55,"href":"https:\/\/www.hotel-vodisek.com\/web\/wp-json\/wp\/v2\/pages\/725\/revisions"}],"predecessor-version":[{"id":2745,"href":"https:\/\/www.hotel-vodisek.com\/web\/wp-json\/wp\/v2\/pages\/725\/revisions\/2745"}],"wp:attachment":[{"href":"https:\/\/www.hotel-vodisek.com\/web\/wp-json\/wp\/v2\/media?parent=725"}],"curies":[{"name":"wp","href":"https:\/\/api.w.org\/{rel}","templated":true}]}}