{"id":728,"date":"2017-09-13T17:14:01","date_gmt":"2017-09-13T15:14:01","guid":{"rendered":"http:\/\/www.hotel-vodisek.com\/web\/?page_id=728"},"modified":"2024-10-11T14:36:58","modified_gmt":"2024-10-11T13:36:58","slug":"o-nas","status":"publish","type":"page","link":"https:\/\/www.hotel-vodisek.com\/web\/o-nas\/","title":{"rendered":"O nas"},"content":{"rendered":"<p>\n\n\n<section  id=\"about\" class=\"  reg_section  \" >\n\n\n    <div class=\"container text-center\">\n\t\t\n\t\t\t\t<h2 class=\"reg_main_title\">O Depandansi Vodi\u0161ek<\/h2><br>\n\t\t\n\t\t        <h3 class=\"reg_subtitle\">Informacije<\/h3>\n        \t\t\n\t\t<!-- Content -->\n\t\t<div class=\"fw-row\">\n\t\n\n\n\n<div class=\"fw-col-xs-12\">\n\t\n\n<div class=\"row reg_auto_height\">\n\n    <!-- col -->\n    <div class=\"col-md-6 reg_image_bck reg_wht_txt\" data-image=\"https:\/\/www.hotel-vodisek.com\/web\/wp-content\/uploads\/2017\/09\/koper-city-1000x1000.jpg\">\n        <div class=\"reg_over\" data-color=\"#333333\" data-opacity=\"0.5\"><\/div>\n        <a href=\"https:\/\/www.youtube.com\/watch?v=En_8Js3X5z4\" class=\"video reg_fullwidth_link\"><\/a>\n        <div class=\"reg_block_center\">\n            <h3>\n                <span class=\"reg_underline_title\">Koper<\/span>  \n                <br>\n                <span class=\"reg_underline_title\">v eni<\/span>   \n                <br>\n                <span class=\"reg_underline_title\">minuti<\/span>\n            <\/h3>\n        <\/div>\n    <\/div>\n    <!-- cole end -->\n\n    <!-- col -->\n    <div class=\"col-md-6 reg_image_bck\" data-color=\"#f2f2f2\">\n        <div class=\"reg_simple_block text-left\">\n            <h2>Pomembne informacije<\/h2>\n            <h3>Na\u0161a Depandansa Vodi\u0161ek<\/h3>\n            <p><span id=\"result_box\" class=\"\" lang=\"en\"><span class=\"\">Na\u0161a depandansa se nahaja v centru Kopra ob obali Adriatika. Idealna je za goste, ki si \u017eelijo kvalitetno storitev za po\u0161teno ceno.<\/span><\/span><\/p><h3>Rajko Vodi\u0161ek<\/h3><p>Direktor<\/p>        <\/div>\n    <\/div>\n    <!-- cole end -->\n<\/div>\n<!-- row end -->\n<\/div>\n<\/div>\n\n\n    <\/div>\n<\/section>\n\n\n\n\n<section  id=\"team\" class=\"  reg_section  \" >\n\n\n    <div class=\"container text-center\">\n\t\t\n\t\t\t\t<h2 class=\"reg_main_title\">Team<\/h2><br>\n\t\t\n\t\t        <h3 class=\"reg_subtitle\">Prijazen in Profesionalen<\/h3>\n        \t\t\n\t\t<!-- Content -->\n\t\t<div class=\"fw-row\">\n\t\n\n\n\n<div class=\"fw-col-xs-12\">\n\t<!-- boxes -->\n<div class=\"reg_icon_boxes row text-center\">\n\n    <!-- slider -->  \n    <div class=\"reg_team_slider\">\n\t\n\t  \n\n        <!-- item -->\n        <div class=\"reg_icon_box reg_team_box\">\n            <div class=\"reg_icon_box_photo\">\n                <img src=\"https:\/\/www.hotel-vodisek.com\/web\/wp-content\/uploads\/2017\/09\/hotel-vodisek-barbara-1-456x1217.jpg\" alt=\"\">\n            <\/div>\n            <h4><b>Barbara<\/b> <br><\/h4>\n        <\/div> \n\n\n\t  \n\n        <!-- item -->\n        <div class=\"reg_icon_box reg_team_box\">\n            <div class=\"reg_icon_box_photo\">\n                <img src=\"https:\/\/www.hotel-vodisek.com\/web\/wp-content\/uploads\/2017\/09\/hotel-vodisek-nikolija-456x1217.jpg\" alt=\"\">\n            <\/div>\n            <h4><b>Nikolija<\/b> <br><\/h4>\n        <\/div> \n\n\n\t  \n\n        <!-- item -->\n        <div class=\"reg_icon_box reg_team_box\">\n            <div class=\"reg_icon_box_photo\">\n                <img src=\"https:\/\/www.hotel-vodisek.com\/web\/wp-content\/uploads\/2017\/09\/hotel-vodisek-rajko-456x1217.jpg\" alt=\"\">\n            <\/div>\n            <h4><b>Rajko<\/b> <br><\/h4>\n        <\/div> \n\n\n\t  \n\n        <!-- item -->\n        <div class=\"reg_icon_box reg_team_box\">\n            <div class=\"reg_icon_box_photo\">\n                <img src=\"https:\/\/www.hotel-vodisek.com\/web\/wp-content\/uploads\/2017\/09\/hotel-vodisek-natasha-456x1217.jpg\" alt=\"\">\n            <\/div>\n            <h4><b>Natasha<\/b> <br><\/h4>\n        <\/div> \n\n\n\t  \n\n        <!-- item -->\n        <div class=\"reg_icon_box reg_team_box\">\n            <div class=\"reg_icon_box_photo\">\n                <img src=\"https:\/\/www.hotel-vodisek.com\/web\/wp-content\/uploads\/2017\/09\/hotel-vodisek-toni-456x1217.jpg\" alt=\"\">\n            <\/div>\n            <h4><b>Toni<\/b> <br><\/h4>\n        <\/div> \n\n\n\t\n    <\/div>\n<\/div>\n<\/div>\n<\/div>\n\n\n    <\/div>\n<\/section>\n\n\n\n\n<section  id=\"Info\" class=\"  reg_section  \" >\n\n\n    <div class=\"container text-center\">\n\t\t\n\t\t\t\t<h2 class=\"reg_main_title\">Osebna Izkaznica<\/h2><br>\n\t\t\n\t\t\t\t\n\t\t<!-- Content -->\n\t\t<div class=\"fw-row\">\n\t\n\n\n\n<div class=\"fw-col-xs-12\">\n\t<div class=\"text_block\">\n\n\n\n\n\n\n<p style=\"text-align: left;\"><strong>Polno ime:<\/strong> VODI\u0160EK d.o.o.<\/p><p style=\"text-align: left;\"><strong>Sede\u017e in naslov:<\/strong><br \/>Kolodvorska cesta, 2 6000-Koper, Slovenija<br \/>+ 386 5 639 24 68<br \/>info@hotel-vodisek.com<\/p><p style=\"text-align: left;\"><strong>Mati\u010dna \u0161t.:<\/strong> 5904277<br \/><strong>Dav\u010dna \u0161t.:<\/strong> 36175854<br \/>Registrirano pri sodi\u0161\u010du v Kopru 95\/00581 (04927\/00)<br \/><strong>DDV.:<\/strong> SI36175854 (smo davcni zavezanci)<\/p><p style=\"text-align: left;\"><strong>Glavna dejavnost:<\/strong> Dejavnost hotelov in podobnih nastanitvenih obratov<\/p><p style=\"text-align: left;\"><strong>Vodstvo: <\/strong>Rajko Vodi\u0161ek<\/p><\/div><\/div>\n<\/div>\n\n\n    <\/div>\n<\/section>\n\n<\/p>\n","protected":false},"excerpt":{"rendered":"<p>O Depandansi Vodi\u0161ek Informacije Koper v eni minuti Pomembne informacije Na\u0161a Depandansa Vodi\u0161ek Na\u0161a depandansa se nahaja v centru Kopra [&hellip;]<\/p>\n","protected":false},"author":1,"featured_media":0,"parent":0,"menu_order":2,"comment_status":"closed","ping_status":"closed","template":"template-onepage.php","meta":[],"_links":{"self":[{"href":"https:\/\/www.hotel-vodisek.com\/web\/wp-json\/wp\/v2\/pages\/728"}],"collection":[{"href":"https:\/\/www.hotel-vodisek.com\/web\/wp-json\/wp\/v2\/pages"}],"about":[{"href":"https:\/\/www.hotel-vodisek.com\/web\/wp-json\/wp\/v2\/types\/page"}],"author":[{"embeddable":true,"href":"https:\/\/www.hotel-vodisek.com\/web\/wp-json\/wp\/v2\/users\/1"}],"replies":[{"embeddable":true,"href":"https:\/\/www.hotel-vodisek.com\/web\/wp-json\/wp\/v2\/comments?post=728"}],"version-history":[{"count":23,"href":"https:\/\/www.hotel-vodisek.com\/web\/wp-json\/wp\/v2\/pages\/728\/revisions"}],"predecessor-version":[{"id":2748,"href":"https:\/\/www.hotel-vodisek.com\/web\/wp-json\/wp\/v2\/pages\/728\/revisions\/2748"}],"wp:attachment":[{"href":"https:\/\/www.hotel-vodisek.com\/web\/wp-json\/wp\/v2\/media?parent=728"}],"curies":[{"name":"wp","href":"https:\/\/api.w.org\/{rel}","templated":true}]}}