{"id":731,"date":"2017-09-13T17:22:07","date_gmt":"2017-09-13T15:22:07","guid":{"rendered":"http:\/\/www.hotel-vodisek.com\/web\/?page_id=731"},"modified":"2024-10-11T13:01:55","modified_gmt":"2024-10-11T12:01:55","slug":"sobe-cenik","status":"publish","type":"page","link":"https:\/\/www.hotel-vodisek.com\/web\/sobe-cenik\/","title":{"rendered":"Sobe in Cenik"},"content":{"rendered":"\n\n\n<section  id=\"prices\" class=\"  reg_section  \" style=\"background-color:#f2f2f2;\">\n\n\n    <div class=\"container text-center\">\n\t\t\n\t\t\t\t<h2 class=\"reg_main_title\">Razi\u0161\u010di<\/h2><br>\n\t\t\n\t\t        <h3 class=\"reg_subtitle\">Soba &amp; Cena<\/h3>\n        \t\t\n\t\t<!-- Content -->\n\t\t<div class=\"fw-row\">\n\t\n\n\n\n<div class=\"fw-col-xs-12\">\n\t<div class=\"row row_no_pd reg_auto_height\">\n\t\n\t  \n\n\t\t\t    <!-- item -->\n        <div class=\"col-md-6\" >\n            <div class=\"reg_single_carousel reg_rooms_carousel reg_wht_txt\">\n            \t \n                <div class=\"reg_room_block reg_image_bck\" data-image=\"https:\/\/www.hotel-vodisek.com\/web\/wp-content\/uploads\/2016\/08\/single-room-e1504796854624-1000x999.jpg\">\n                    <!-- vertical text -->\n                    <div class=\"reg_slider_copyright\">Room\"<\/div>\n                <\/div>\n                 \n                <div class=\"reg_room_block reg_image_bck\" data-image=\"https:\/\/www.hotel-vodisek.com\/web\/wp-content\/uploads\/2016\/08\/Bathroom-Single-Room-e1504796793985-1000x1000.jpg\">\n                    <!-- vertical text -->\n                    <div class=\"reg_slider_copyright\">Bathroom\"<\/div>\n                <\/div>\n                 \n                <div class=\"reg_room_block reg_image_bck\" data-image=\"https:\/\/www.hotel-vodisek.com\/web\/wp-content\/uploads\/2016\/08\/Wall-Single-Room-e1504796808382-1000x1000.jpg\">\n                    <!-- vertical text -->\n                    <div class=\"reg_slider_copyright\">Wall\"<\/div>\n                <\/div>\n                 \n\n            <\/div>\n        <\/div>\n\n        <div class=\"col-md-6 reg_image_bck\" data-color=\"#fff\">\n            <div class=\"reg_simple_block text-left\">\n                <h2>Enoposteljna <a href=\"#reg_page\" class=\"reg_go\"><i class=\"ti ti-tag\"><\/i><b>Book Now<\/b><\/a><\/h2>\n                <h4>Enoposteljna - udobna<\/h4>\n                <ul><li>Samopostre\u017eni buffet zajtrk<\/li><li>Postre\u017eemo vam s kapu\u010dinom ali espressom<\/li><li>Brezpla\u010dni wi-fi<\/li><li>Klimatska naprava<\/li><li>LCD TV<\/li><li>Telefon<\/li><li>Pisalna miza<\/li><\/ul>                <h3>Od\u00a0<strong>\u20ac70.00<\/strong> \/ no\u010d \/ 1 oseba<\/h3><p>* +\u00a0\u20ac2.00\u00a0Turisti\u010dna taksa \/ na osebo.<\/p><p>* Depandansa Vodisek si pridr\u017euje pravico do spremembe cen in pogojev brez predhodnega obvestila glede na letni \u010das in posebne dogodke.<\/p>            <\/div>\n        <\/div>\n        <!-- item end -->\n        \n\t  \n\n\t\t\n        <!-- item -->\n        <div class=\"col-md-6 col-md-push-6\" >\n            <div class=\"reg_single_carousel reg_rooms_carousel reg_wht_txt\">\n                 \n                <div class=\"reg_room_block reg_image_bck\" data-image=\"https:\/\/www.hotel-vodisek.com\/web\/wp-content\/uploads\/2016\/08\/double-room-e1504796867779-1000x999.jpg\">\n                    <!-- vertical text -->\n                    <div class=\"reg_slider_copyright\">Room\"<\/div>\n                <\/div>\n                 \n                <div class=\"reg_room_block reg_image_bck\" data-image=\"https:\/\/www.hotel-vodisek.com\/web\/wp-content\/uploads\/2016\/08\/Bathroom-Double-Room-e1504796779962-1000x1000.jpg\">\n                    <!-- vertical text -->\n                    <div class=\"reg_slider_copyright\">Bathroom\"<\/div>\n                <\/div>\n                 \n                <div class=\"reg_room_block reg_image_bck\" data-image=\"https:\/\/www.hotel-vodisek.com\/web\/wp-content\/uploads\/2018\/01\/Wall-Double-Room-e1504796822642-1000x1000.jpg\">\n                    <!-- vertical text -->\n                    <div class=\"reg_slider_copyright\">Wall\"<\/div>\n                <\/div>\n                 \n\n            <\/div>\n        <\/div>\n\n        <div class=\"col-md-6 col-md-pull-6 reg_image_bck\" data-color=\"#fff\">\n            <div class=\"reg_simple_block text-left\">\n                <h2>Dvoposteljna <a href=\"#reg_page\" class=\"reg_go\"><i class=\"ti ti-tag\"><\/i><b>Book Now<\/b><\/a><\/h2>\n                <h4>Dvoposteljna z dvema lo\u010denima le\u017ei\u0161\u010dema ali s francosko posteljo \u2013 udobna<\/h4>\n                <ul><li>Samopostre\u017eni buffet zajtrk<\/li><li>Postre\u017eemo vam s kapu\u010dinom ali espressom<\/li><li>Brezpla\u010dni wi-fi<\/li><li>Klimatska naprava<\/li><li>LCD TV<\/li><li>Telefon<\/li><li>Pisalna miza<\/li><\/ul>                <h3>Od\u00a0<strong>\u20ac100.00<\/strong> \/ no\u010d \/ 2 osebi<\/h3><p>* +\u00a0\u20ac2.00\u00a0Turisti\u010dna taksa \/ na osebo.<\/p><p>* Depandansa Vodisek si pridr\u017euje pravico do spremembe cen in pogojev brez predhodnega obvestila glede na letni \u010das in posebne dogodke.<\/p>            <\/div>\n        <\/div>\n        <!-- item end -->\n\t\t\n\t\t\n\n       \n        \n\t  \n\n\t\t\t    <!-- item -->\n        <div class=\"col-md-6\" >\n            <div class=\"reg_single_carousel reg_rooms_carousel reg_wht_txt\">\n            \t \n                <div class=\"reg_room_block reg_image_bck\" data-image=\"https:\/\/www.hotel-vodisek.com\/web\/wp-content\/uploads\/2018\/01\/triple-room-french-bed-other-1-1000x1000.jpg\">\n                    <!-- vertical text -->\n                    <div class=\"reg_slider_copyright\">Room French Bed\"<\/div>\n                <\/div>\n                 \n                <div class=\"reg_room_block reg_image_bck\" data-image=\"https:\/\/www.hotel-vodisek.com\/web\/wp-content\/uploads\/2018\/01\/triple-room-french-bed-1000x1000.jpg\">\n                    <!-- vertical text -->\n                    <div class=\"reg_slider_copyright\">Room French Bed Closed\"<\/div>\n                <\/div>\n                 \n                <div class=\"reg_room_block reg_image_bck\" data-image=\"https:\/\/www.hotel-vodisek.com\/web\/wp-content\/uploads\/2018\/01\/triple-room-single-bed-1-1000x1000.jpg\">\n                    <!-- vertical text -->\n                    <div class=\"reg_slider_copyright\">Room Single Bed\"<\/div>\n                <\/div>\n                 \n                <div class=\"reg_room_block reg_image_bck\" data-image=\"https:\/\/www.hotel-vodisek.com\/web\/wp-content\/uploads\/2018\/01\/triple-room-sofa-1000x1000.jpg\">\n                    <!-- vertical text -->\n                    <div class=\"reg_slider_copyright\">Room Sofa\"<\/div>\n                <\/div>\n                 \n                <div class=\"reg_room_block reg_image_bck\" data-image=\"https:\/\/www.hotel-vodisek.com\/web\/wp-content\/uploads\/2016\/08\/IMG_4283-e1504796764992-1000x1000.jpg\">\n                    <!-- vertical text -->\n                    <div class=\"reg_slider_copyright\">Bathroom\"<\/div>\n                <\/div>\n                 \n\n            <\/div>\n        <\/div>\n\n        <div class=\"col-md-6 reg_image_bck\" data-color=\"#fff\">\n            <div class=\"reg_simple_block text-left\">\n                <h2>Troposteljna <a href=\"#reg_page\" class=\"reg_go\"><i class=\"ti ti-tag\"><\/i><b>Book Now<\/b><\/a><\/h2>\n                <h4>Troposteljna ali dvoposteljna z enoposteljnim le\u017ei\u0161\u010dem \u2013 udobna<\/h4>\n                <ul><li>Samopostre\u017eni buffet zajtrk<\/li><li>Postre\u017eemo vam s kapu\u010dinom ali espressom<\/li><li>Brezpla\u010dni wi-fi<\/li><li>Klimatska naprava<\/li><li>LCD TV<\/li><li>Telefon<\/li><li>Pisalna miza<\/li><\/ul>                <h3>Od\u00a0<strong>\u20ac 120.00<\/strong>\u00a0\/ no\u010d \/ 3 osebe<\/h3><p>* +\u00a0\u20ac2.00\u00a0Turisti\u010dna taksa \/ na osebo.<\/p><p>* Depandansa Vodisek si pridr\u017euje pravico do spremembe cen in pogojev brez predhodnega obvestila glede na letni \u010das in posebne dogodke.<\/p>            <\/div>\n        <\/div>\n        <!-- item end -->\n        \n\t  \n\n\t\t\n        <!-- item -->\n        <div class=\"col-md-6 col-md-push-6\" >\n            <div class=\"reg_single_carousel reg_rooms_carousel reg_wht_txt\">\n                 \n                <div class=\"reg_room_block reg_image_bck\" data-image=\"https:\/\/www.hotel-vodisek.com\/web\/wp-content\/uploads\/2018\/01\/quadruple-room-french-top-2-1000x1000.jpg\">\n                    <!-- vertical text -->\n                    <div class=\"reg_slider_copyright\">Room French Bed\"<\/div>\n                <\/div>\n                 \n                <div class=\"reg_room_block reg_image_bck\" data-image=\"https:\/\/www.hotel-vodisek.com\/web\/wp-content\/uploads\/2018\/01\/quadruple-room-french-bed-table-1000x1000.jpg\">\n                    <!-- vertical text -->\n                    <div class=\"reg_slider_copyright\">Room Sup Table\"<\/div>\n                <\/div>\n                 \n                <div class=\"reg_room_block reg_image_bck\" data-image=\"https:\/\/www.hotel-vodisek.com\/web\/wp-content\/uploads\/2016\/08\/Three-Bad-Room-Terrace-1000x1001.jpg\">\n                    <!-- vertical text -->\n                    <div class=\"reg_slider_copyright\">Room Sup\"<\/div>\n                <\/div>\n                 \n                <div class=\"reg_room_block reg_image_bck\" data-image=\"https:\/\/www.hotel-vodisek.com\/web\/wp-content\/uploads\/2018\/01\/quadruple-room-table-1000x1000.jpg\">\n                    <!-- vertical text -->\n                    <div class=\"reg_slider_copyright\">Room Table\"<\/div>\n                <\/div>\n                 \n                <div class=\"reg_room_block reg_image_bck\" data-image=\"https:\/\/www.hotel-vodisek.com\/web\/wp-content\/uploads\/2016\/08\/terrace-1000x1000.jpg\">\n                    <!-- vertical text -->\n                    <div class=\"reg_slider_copyright\">Room Terrace\"<\/div>\n                <\/div>\n                 \n                <div class=\"reg_room_block reg_image_bck\" data-image=\"https:\/\/www.hotel-vodisek.com\/web\/wp-content\/uploads\/2018\/01\/quadruple-room-closet-1000x1000.jpg\">\n                    <!-- vertical text -->\n                    <div class=\"reg_slider_copyright\">Room Closet\"<\/div>\n                <\/div>\n                 \n\n            <\/div>\n        <\/div>\n\n        <div class=\"col-md-6 col-md-pull-6 reg_image_bck\" data-color=\"#fff\">\n            <div class=\"reg_simple_block text-left\">\n                <h2>\u0160tiriposteljna <a href=\"#reg_page\" class=\"reg_go\"><i class=\"ti ti-tag\"><\/i><b>Book Now<\/b><\/a><\/h2>\n                <h4>\u0160tiriposteljna ali francosko le\u017ei\u0161\u010de + 2 enoposteljni le\u017ei\u0161\u010di \u2013 udobna<\/h4>\n                <ul><li>Samopostre\u017eni buffet zajtrk<\/li><li>Postre\u017eemo vam s kapu\u010dinom ali espressom<\/li><li>Brezpla\u010dni wi-fi<\/li><li>Klimatska naprava<\/li><li>LCD TV<\/li><li>Telefon<\/li><li>Pisalna miza<\/li><\/ul>                <h3>Od\u00a0<strong>\u20ac 140.00<\/strong>\u00a0\/ no\u010d \/ 4 osebe<\/h3><p>* +\u00a0\u20ac2.00\u00a0Turisti\u010dna taksa \/ na osebo.<\/p><p>* Depandansa Vodisek si pridr\u017euje pravico do spremembe cen in pogojev brez predhodnega obvestila glede na letni \u010das in posebne dogodke.<\/p>            <\/div>\n        <\/div>\n        <!-- item end -->\n\t\t\n\t\t\n\n       \n        \n\t\n\n<\/div>\n<\/div>\n<\/div>\n\n\n    <\/div>\n<\/section>\n\n\n","protected":false},"excerpt":{"rendered":"<p>Razi\u0161\u010di Soba &amp; Cena Room&#8221; Bathroom&#8221; Wall&#8221; Enoposteljna Book Now Enoposteljna &#8211; udobna Samopostre\u017eni buffet zajtrkPostre\u017eemo vam s kapu\u010dinom ali [&hellip;]<\/p>\n","protected":false},"author":1,"featured_media":0,"parent":0,"menu_order":3,"comment_status":"closed","ping_status":"closed","template":"template-onepage.php","meta":[],"_links":{"self":[{"href":"https:\/\/www.hotel-vodisek.com\/web\/wp-json\/wp\/v2\/pages\/731"}],"collection":[{"href":"https:\/\/www.hotel-vodisek.com\/web\/wp-json\/wp\/v2\/pages"}],"about":[{"href":"https:\/\/www.hotel-vodisek.com\/web\/wp-json\/wp\/v2\/types\/page"}],"author":[{"embeddable":true,"href":"https:\/\/www.hotel-vodisek.com\/web\/wp-json\/wp\/v2\/users\/1"}],"replies":[{"embeddable":true,"href":"https:\/\/www.hotel-vodisek.com\/web\/wp-json\/wp\/v2\/comments?post=731"}],"version-history":[{"count":39,"href":"https:\/\/www.hotel-vodisek.com\/web\/wp-json\/wp\/v2\/pages\/731\/revisions"}],"predecessor-version":[{"id":2732,"href":"https:\/\/www.hotel-vodisek.com\/web\/wp-json\/wp\/v2\/pages\/731\/revisions\/2732"}],"wp:attachment":[{"href":"https:\/\/www.hotel-vodisek.com\/web\/wp-json\/wp\/v2\/media?parent=731"}],"curies":[{"name":"wp","href":"https:\/\/api.w.org\/{rel}","templated":true}]}}