{"id":738,"date":"2017-09-13T17:29:20","date_gmt":"2017-09-13T15:29:20","guid":{"rendered":"http:\/\/www.hotel-vodisek.com\/web\/?page_id=738"},"modified":"2024-10-11T14:47:24","modified_gmt":"2024-10-11T13:47:24","slug":"storitve","status":"publish","type":"page","link":"https:\/\/www.hotel-vodisek.com\/web\/storitve\/","title":{"rendered":"Storitve"},"content":{"rendered":"\n\n\n<section  id=\"services\" class=\"  reg_section  \" style=\"background-color:#f2f2f2;\">\n\n\n    <div class=\"container text-center\">\n\t\t\n\t\t\t\t<h2 class=\"reg_main_title\">Razi\u0161\u010di<\/h2><br>\n\t\t\n\t\t        <h3 class=\"reg_subtitle\">Na\u0161e storitve<\/h3>\n        \t\t\n\t\t<!-- Content -->\n\t\t<div class=\"fw-row\">\n\t\n\n\n\n<div class=\"fw-col-xs-12\">\n\t<div class=\"row row_no_pd reg_auto_height\">\n\t\n\t  \n\n\t\t\n         <div class=\"col-md-6 reg_image_bck\" data-color=\"#fff\">\n            <div class=\"reg_simple_block text-left\">\n                <h2>Super lokacija<\/h2>\n                <h4>Nedavno smo bili imenovani v Top 10 preno\u010di\u0161\u010da v Kopru<\/h4>\n                <p>Depandansa Vodi\u0161ek se nahaja v sredi\u0161\u010du Kopra.<\/p><p>Najdete nas le lu\u010daj od mestnega jedra. Na\u0161a lokacija je idealna za goste, ki si \u017eelijo mestnega vrve\u017ea in miru hkrati. Okoli nas najdete veliko barov, butikov in kavarn.<\/p>            <\/div>\n        <\/div>\n        <!-- item end -->\n\t\t\n\t\t<!-- item -->\n        <div class=\"col-md-6\" >\n            <div class=\"reg_single_carousel reg_rooms_carousel reg_wht_txt\">\n            \t \n                <div class=\"reg_room_block reg_image_bck\" data-image=\"https:\/\/www.hotel-vodisek.com\/web\/wp-content\/uploads\/2016\/08\/Google-Maps-Hotel-Vodisek-Web-1000x999.png\">\n                    <!-- vertical text -->\n                    <div class=\"reg_slider_copyright\">Depandansa Vodi\u0161ek Local \"<\/div>\n                <\/div>\n                 \n\n            <\/div>\n        <\/div>\n\n       \n        \n\t  \n\n\t\t\n         <div class=\"col-md-6 reg_image_bck\" data-color=\"#fff\">\n            <div class=\"reg_simple_block text-left\">\n                <h2>Zajtrk<\/h2>\n                <h4>Dober zajtrk je pomemben!<\/h4>\n                <p>Zajtrk je bistven za dober za\u010detek dneva.<\/p><p>Na\u0161 samopostre\u017eni zajtrk z ekolo\u0161ko pridelavo na splo\u0161no podpira vse vrste okusov.<br \/>Sve\u017e pomaran\u010dni sok ali jabol\u010dni sok, sve\u017ee kuhana kava in \u010daj, sve\u017ee rezano sadje, izbor \u017eit, toast, maslo, nutella, d\u017eem in marmelada, sve\u017ee pe\u010deni roglji\u010dki ...<\/p>            <\/div>\n        <\/div>\n        <!-- item end -->\n\t\t\n\t\t<!-- item -->\n        <div class=\"col-md-6\" >\n            <div class=\"reg_single_carousel reg_rooms_carousel reg_wht_txt\">\n            \t \n                <div class=\"reg_room_block reg_image_bck\" data-image=\"https:\/\/www.hotel-vodisek.com\/web\/wp-content\/uploads\/2016\/08\/Hotel-Vosdisek-Breakfast-1000x1000.jpg\">\n                    <!-- vertical text -->\n                    <div class=\"reg_slider_copyright\">Breakfast\"<\/div>\n                <\/div>\n                 \n                <div class=\"reg_room_block reg_image_bck\" data-image=\"https:\/\/www.hotel-vodisek.com\/web\/wp-content\/uploads\/2016\/08\/Hotel-Vodisek-Croissant-1-e1504797294581-1000x1000.jpg\">\n                    <!-- vertical text -->\n                    <div class=\"reg_slider_copyright\">Breakfast\"<\/div>\n                <\/div>\n                 \n                <div class=\"reg_room_block reg_image_bck\" data-image=\"https:\/\/www.hotel-vodisek.com\/web\/wp-content\/uploads\/2016\/08\/Hotel-Vodisek-Breakfast-e1504797283809-1000x1000.jpg\">\n                    <!-- vertical text -->\n                    <div class=\"reg_slider_copyright\">Breakfast\"<\/div>\n                <\/div>\n                 \n\n            <\/div>\n        <\/div>\n\n       \n        \n\t  \n\n\t\t\n         <div class=\"col-md-6 reg_image_bck\" data-color=\"#fff\">\n            <div class=\"reg_simple_block text-left\">\n                <h2>Brezpla\u010den Wi-FI<\/h2>\n                <h4>V depandansi Vodi\u0161ek u\u017eivajte v brezpla\u010dnem brez\u017ei\u010dnem omre\u017eju.<\/h4>\n                <p>Preprosto izberite (Vodi ...) s seznama razpolo\u017eljivih omre\u017eij, vnesite geslo ( vodisek11 ) in se pove\u017eite.<\/p><p>Preverite svoja e-po\u0161tna sporo\u010dila in objavite posodobitve za Facebook, i\u0161\u010dite in poi\u0161\u010dite vsebino, ki vas zanima, kadar koli \u017eelite. Vse je na vas.<\/p>            <\/div>\n        <\/div>\n        <!-- item end -->\n\t\t\n\t\t<!-- item -->\n        <div class=\"col-md-6\" >\n            <div class=\"reg_single_carousel reg_rooms_carousel reg_wht_txt\">\n            \t \n                <div class=\"reg_room_block reg_image_bck\" data-image=\"https:\/\/www.hotel-vodisek.com\/web\/wp-content\/uploads\/2016\/08\/Wi-Fi-e1504797320762-1000x1000.jpg\">\n                    <!-- vertical text -->\n                    <div class=\"reg_slider_copyright\">Wi-Fi\"<\/div>\n                <\/div>\n                 \n\n            <\/div>\n        <\/div>\n\n       \n        \n\t  \n\n\t\t\n         <div class=\"col-md-6 reg_image_bck\" data-color=\"#fff\">\n            <div class=\"reg_simple_block text-left\">\n                <h2>Brezpla\u010dno parkiranje<\/h2>\n                <h4>Parkiranje je brezpla\u010dno za na\u0161e stranke.<\/h4>\n                <p>Smo ena redkih depandans v Slovenski Istri, kjer imajo na\u0161i gostje v \u010dasu bivanja brezpla\u010dno parkiranje.<br \/>Parkiri\u0161\u010de je brezpla\u010dno do odhoda gosta iz depandanse (check-out je do 12. ure na dan odhoda).<\/p>            <\/div>\n        <\/div>\n        <!-- item end -->\n\t\t\n\t\t<!-- item -->\n        <div class=\"col-md-6\" >\n            <div class=\"reg_single_carousel reg_rooms_carousel reg_wht_txt\">\n            \t \n                <div class=\"reg_room_block reg_image_bck\" data-image=\"https:\/\/www.hotel-vodisek.com\/web\/wp-content\/uploads\/2016\/08\/Free-Parking-1000x998.jpg\">\n                    <!-- vertical text -->\n                    <div class=\"reg_slider_copyright\">Free Parking\"<\/div>\n                <\/div>\n                 \n\n            <\/div>\n        <\/div>\n\n       \n        \n\t  \n\n\t\t\n         <div class=\"col-md-6 reg_image_bck\" data-color=\"#fff\">\n            <div class=\"reg_simple_block text-left\">\n                <h2>Doma\u010de \u017eivali dovoljene<\/h2>\n                <h4>Pohitite z ljubljen\u010dki...<\/h4>\n                <p>Va\u0161 kosmati prijatelj je pri nas dobrodo\u0161el in lahko biva z vami.<\/p><p>Za bivanje \u0161tirino\u017enih prijateljev velja dopla\u010dilo 5\u20ac na dan.<\/p>            <\/div>\n        <\/div>\n        <!-- item end -->\n\t\t\n\t\t<!-- item -->\n        <div class=\"col-md-6\" >\n            <div class=\"reg_single_carousel reg_rooms_carousel reg_wht_txt\">\n            \t \n                <div class=\"reg_room_block reg_image_bck\" data-image=\"https:\/\/www.hotel-vodisek.com\/web\/wp-content\/uploads\/2016\/08\/Hotel-Vodisek-Dog-and-Cat-e1504797306438-1000x1001.jpg\">\n                    <!-- vertical text -->\n                    <div class=\"reg_slider_copyright\">Dog and Cat \"<\/div>\n                <\/div>\n                 \n                <div class=\"reg_room_block reg_image_bck\" data-image=\"https:\/\/www.hotel-vodisek.com\/web\/wp-content\/uploads\/2016\/08\/Hotel-Vodisek-Giraffe-e1504797362250-1000x999.jpg\">\n                    <!-- vertical text -->\n                    <div class=\"reg_slider_copyright\">Giraffe\"<\/div>\n                <\/div>\n                 \n\n            <\/div>\n        <\/div>\n\n       \n        \n\t\n\n<\/div>\n<\/div>\n<\/div>\n\n\n    <\/div>\n<\/section>\n\n\n","protected":false},"excerpt":{"rendered":"<p>Razi\u0161\u010di Na\u0161e storitve Super lokacija Nedavno smo bili imenovani v Top 10 preno\u010di\u0161\u010da v Kopru Depandansa Vodi\u0161ek se nahaja v [&hellip;]<\/p>\n","protected":false},"author":1,"featured_media":0,"parent":0,"menu_order":6,"comment_status":"closed","ping_status":"closed","template":"template-onepage.php","meta":[],"_links":{"self":[{"href":"https:\/\/www.hotel-vodisek.com\/web\/wp-json\/wp\/v2\/pages\/738"}],"collection":[{"href":"https:\/\/www.hotel-vodisek.com\/web\/wp-json\/wp\/v2\/pages"}],"about":[{"href":"https:\/\/www.hotel-vodisek.com\/web\/wp-json\/wp\/v2\/types\/page"}],"author":[{"embeddable":true,"href":"https:\/\/www.hotel-vodisek.com\/web\/wp-json\/wp\/v2\/users\/1"}],"replies":[{"embeddable":true,"href":"https:\/\/www.hotel-vodisek.com\/web\/wp-json\/wp\/v2\/comments?post=738"}],"version-history":[{"count":17,"href":"https:\/\/www.hotel-vodisek.com\/web\/wp-json\/wp\/v2\/pages\/738\/revisions"}],"predecessor-version":[{"id":2750,"href":"https:\/\/www.hotel-vodisek.com\/web\/wp-json\/wp\/v2\/pages\/738\/revisions\/2750"}],"wp:attachment":[{"href":"https:\/\/www.hotel-vodisek.com\/web\/wp-json\/wp\/v2\/media?parent=738"}],"curies":[{"name":"wp","href":"https:\/\/api.w.org\/{rel}","templated":true}]}}