{"id":750,"date":"2017-09-13T17:40:22","date_gmt":"2017-09-13T15:40:22","guid":{"rendered":"http:\/\/www.hotel-vodisek.com\/web\/?page_id=750"},"modified":"2024-10-11T14:45:14","modified_gmt":"2024-10-11T13:45:14","slug":"splosni-pogoji","status":"publish","type":"page","link":"https:\/\/www.hotel-vodisek.com\/web\/splosni-pogoji\/","title":{"rendered":"Splo\u0161ni Pogoji"},"content":{"rendered":"\n\n\n<section   class=\"  reg_section  \" >\n\n\n    <div class=\"container \">\n\t\t\n\t\t\n\t\t\t\t\n\t\t<!-- Content -->\n\t\t<div class=\"fw-row\">\n\t\n\n\n\n<div class=\"fw-col-xs-12\">\n\t<div class=\"text_block\">\n\n<h2>Splo\u0161ni Pogoji<\/h2>\n\n\n\n\n\n<h3>Rezervacije<\/h3><p>Ta sporazum o splo\u0161nih pogojih za nastanitev za\u010dne veljati, ko dobimo zavezujo\u010do rezervacijo za va\u0161 prihod.<br \/>Rezervacijo lahko naredite po telefonu, faksu, po\u0161ti ali preko na\u0161ega spletnega sistema za rezervacije.<br \/>Rezervacijo potrdite s kreditno kartico ali z vnaprej\u0161njim pla\u010dilom. Za\u010dasne rezervacije veljajo 5 dni.<\/p><h3>Prihod<\/h3><p>Rezervacija velja od 12. ure na dan prihoda in do 12. ure na dan odhoda.<br \/>Gostje lahko uporabljajo parkiri\u0161\u010de brez dopla\u010dila.<\/p><h3>Pla\u010dilo<\/h3><p>Ra\u010dun za nastanitev lahko poravnate z gotovino ali s kreditno kartico.<br \/>\u010ce odidete pred predvidenim datumom odhoda, posebne in promocijske ponudbe ne veljajo.<\/p><h3>Cene<\/h3><p>Cene za nastanitev vsebujejo DDV.<br \/>Cena za nastanitev ne vklju\u010duje pija\u010de, hrane, mednarodnega telefoniranja, pranja in varstva otrok.<\/p><p>Depandansa Vodi\u0161ek si pridr\u017euje pravico do spremembe cen in pogojev brez predhodnega obvestila glede na letni \u010das in posebne dogodke.<\/p><h3>Turisti\u010dna taksa<\/h3><p>Cena za nastanitev se povi\u0161a za znesek turisti\u010dne takse. Turisti\u010dno takso je treba poravnati za vse dni nastanitve.<\/p><h3>Odpoved<\/h3><p>\u010ce bi \u017eeleli prestaviti datum rezervacije, vam tega ne bomo zara\u010dunali, ce bo le novi termin na voljo.<br \/>\u010ce predcasno odidete, obdr\u017eimo polog za vsako odpovedano no\u010d.<br \/>Vsaka odpoved rezervacije mora biti v pisni obliki in za\u010dne veljati, ko jo prejme lastnik depandanse.<br \/>Predlagamo vam, da se odlo\u010dite za zavarovanje, ki krije izgube pologov, ki se ne vra\u010dajo.<\/p><h3>Hi\u0161ni ljubljen\u010dki<\/h3><p>\u010ce \u017eelite s sabo pripeljati hi\u0161ne ljubljen\u010dke, morate od vodstva Depandanse Vodi\u0161ek pred prihodom dobiti privolitev.<\/p><h3>Kajenje<\/h3><p>V Depandansi Vodi\u0161ek kajenje ni dovoljeno. Kadite lahko zunaj.<\/p><h3>Pravica do zavrnitve<\/h3><p>Pridr\u017eujemo si pravico do zavrnitve rezervacije in v posebnih okoli\u0161\u010dinah pravico do preklica, prilagoditve ali spreminjanja va\u0161ega aran\u017emaja. \u010ce moramo rezervacijo preklicati, prilagoditi ali spremeniti, se bomo po najbolj\u0161ih mo\u010deh potrudili, da bomo ponudili alternativni termin. \u010ce na\u0161e alternativne ponudbe ne boste sprejeli, vam bomo vrnili ves polo\u017een denar.<\/p><h3>\u0160tevilo gostov<\/h3><p>Lastnik si pridr\u017euje pravico, da prepove vstop ali odslovi celo skupino, \u010de \u0161tevilo oseb presega \u0161tevilo, dolo\u010deno v sporazumu.<\/p><h3>Izguba in po\u0161kodba lastnine gostov<\/h3><p>\u017dal ne moremo odgovarjati za izgubljeno ali po\u0161kodovano lastnino ali za po\u0161kodbe, ki ste jih vi ali kdo iz va\u0161e dru\u017ebe utrpeli med nastanitvijo na na\u0161i posesti.<br \/>Denar in vredne predmete lahko hranite na recepciji.<\/p><h3>Prito\u017ebe<\/h3><p>\u010ce v sobi pride do kak\u0161nih okvar, mora gost o tem nemudoma obvestiti lastnika ali upravitelja depandanse ter lastniku ali upravitelju dovoliti, da v doglednem casu odpravi te\u017eavo. \u010ce gost tega ne upo\u0161teva, nima pravice do spremembe trajanja nastanitve.<\/p><h3>Dostop in pravica vstopa<\/h3><p>Pridr\u017eujemo si pravico, da vstopimo v sobo v primernem \u010dasu in iz upravi\u010dljivih razlogov.<br \/>Lastnik posesti in vzdr\u017eevalci lahko iz upravi\u010dljivih razlogov, \u0161e posebej zaradi nujnih vzdr\u017eevalnih del in pregleda, vstopijo v sobo.<\/p><h3>Spremembe ali odpoved s strani lastnika<\/h3><p>Lastnik ima pravico, da spremeni ali odpove to pogodbo kadar koli za kakr\u0161en koli primer, \u010de je to potrebno zaradi vi\u0161je sile ali \u010desar koli drugega, na kar lastnik nima vpliva. V tem primeru lastnik vrne ves denar, ki ste ga \u017ee polo\u017eili. Lastnikova odgovornost je omejena na vrnitev pologa. Lastnik ni odgovoren<br \/>za kakr\u0161no koli drugo \u0161kodo.<\/p><p>Republika Slovenija - Koper, 31. 1. 2023<\/p><p><strong>Depandansa Vodi\u0161ek<\/strong><\/p><\/div><\/div>\n<\/div>\n\n\n    <\/div>\n<\/section>\n\n\n","protected":false},"excerpt":{"rendered":"<p>Splo\u0161ni Pogoji RezervacijeTa sporazum o splo\u0161nih pogojih za nastanitev za\u010dne veljati, ko dobimo zavezujo\u010do rezervacijo za va\u0161 prihod.Rezervacijo lahko naredite [&hellip;]<\/p>\n","protected":false},"author":1,"featured_media":0,"parent":0,"menu_order":10,"comment_status":"closed","ping_status":"closed","template":"template-onepage.php","meta":[],"_links":{"self":[{"href":"https:\/\/www.hotel-vodisek.com\/web\/wp-json\/wp\/v2\/pages\/750"}],"collection":[{"href":"https:\/\/www.hotel-vodisek.com\/web\/wp-json\/wp\/v2\/pages"}],"about":[{"href":"https:\/\/www.hotel-vodisek.com\/web\/wp-json\/wp\/v2\/types\/page"}],"author":[{"embeddable":true,"href":"https:\/\/www.hotel-vodisek.com\/web\/wp-json\/wp\/v2\/users\/1"}],"replies":[{"embeddable":true,"href":"https:\/\/www.hotel-vodisek.com\/web\/wp-json\/wp\/v2\/comments?post=750"}],"version-history":[{"count":12,"href":"https:\/\/www.hotel-vodisek.com\/web\/wp-json\/wp\/v2\/pages\/750\/revisions"}],"predecessor-version":[{"id":2749,"href":"https:\/\/www.hotel-vodisek.com\/web\/wp-json\/wp\/v2\/pages\/750\/revisions\/2749"}],"wp:attachment":[{"href":"https:\/\/www.hotel-vodisek.com\/web\/wp-json\/wp\/v2\/media?parent=750"}],"curies":[{"name":"wp","href":"https:\/\/api.w.org\/{rel}","templated":true}]}}