{"id":770,"date":"2017-09-14T08:05:24","date_gmt":"2017-09-14T06:05:24","guid":{"rendered":"http:\/\/www.hotel-vodisek.com\/web\/?page_id=770"},"modified":"2024-10-13T18:25:23","modified_gmt":"2024-10-13T17:25:23","slug":"inizio","status":"publish","type":"page","link":"https:\/\/www.hotel-vodisek.com\/web\/it\/inizio\/","title":{"rendered":"Inizio"},"content":{"rendered":"<p>\n\n\n<section  id=\"about\" class=\"  reg_section  \" style=\"background-color:#ffffff;\">\n\n\n    <div class=\"container text-center\">\n\t\t\n\t\t\t\t<h2 class=\"reg_main_title\">Circa<\/h2><br>\n\t\t\n\t\t        <h3 class=\"reg_subtitle\">Dependance Vodi\u0161ek<\/h3>\n        \t\t\n\t\t<!-- Content -->\n\t\t<div class=\"fw-row\">\n\t\n\n\n\n<div class=\"fw-col-xs-12\">\n\t\n\n<div class=\"row reg_auto_height\">\n\n    <!-- col -->\n    <div class=\"col-md-6 reg_image_bck reg_wht_txt\" data-image=\"https:\/\/www.hotel-vodisek.com\/web\/wp-content\/uploads\/2017\/09\/koper-city-1-1000x1000.jpg\">\n        <div class=\"reg_over\" data-color=\"#333333\" data-opacity=\"0.5\"><\/div>\n        <a href=\"\" class=\"video reg_fullwidth_link\"><\/a>\n        <div class=\"reg_block_center\">\n            <h3>\n                <span class=\"reg_underline_title\">Video<\/span>  \n                <br>\n                <span class=\"reg_underline_title\">Koper<\/span>   \n                <br>\n                <span class=\"reg_underline_title\">in 1 Minuto<\/span>\n            <\/h3>\n        <\/div>\n    <\/div>\n    <!-- cole end -->\n\n    <!-- col -->\n    <div class=\"col-md-6 reg_image_bck\" data-color=\"#f2f2f2\">\n        <div class=\"reg_simple_block text-left\">\n            <h2>Informazioni fondamentali<\/h2>\n            <h3>Informazioni su Hotel Vodi\u0161ek<\/h3>\n            <p>Il nostro dependance \u00e8 situato nel centro della citt\u00e0 di Koper, vicino alla costa Adriatica: Il nostro alloggio \u00e8 ideale per gli ospiti che vogliono sistemazioni con qualit\u00e0 e prezzo giusto. Vicino ci sono bar, boutique, supermercati, caff\u00e8 eccentriche e alternative che tutto il necessario per soddisfare i vostri desideri.<\/p><p>Rajko Vodi\u0161ek<\/p><p>Manager<\/p>        <\/div>\n    <\/div>\n    <!-- cole end -->\n<\/div>\n<!-- row end -->\n<\/div>\n<\/div>\n\n\n    <\/div>\n<\/section>\n\n\n\n\n<section data-stellar-background-ratio=\"0.4\" id=\"reviews\" class=\" reg_fixed reg_section  reg_wht_txt \" style=\"background-image:url(https:\/\/www.hotel-vodisek.com\/web\/wp-content\/uploads\/2016\/08\/social-network-icon-confetti-explosion-footage-020528360_prevstill-1400x788.jpeg);\">\n\n<!-- Over -->\n<div class=\"reg_over\" data-color=\"#292929\" data-opacity=\"0.7\"><\/div>\n\n    <div class=\"container text-center\">\n\t\t\n\t\t\t\t<h2 class=\"reg_main_title\">Critica<\/h2><br>\n\t\t\n\t\t        <h3 class=\"reg_subtitle\">nelle Reti Sociali<\/h3>\n        \t\t\n\t\t<!-- Content -->\n\t\t<div class=\"fw-row\">\n\t\n\n\n\n<div class=\"fw-col-xs-12\">\n\t<div class=\"reg_auto_height reg_single_carousel reg_blc_txt\">\n\t\n\t  \n\n        <!-- item -->\n        <div class=\"reg_review_item\">\n            <div class=\"col-md-6 reg_image_bck\" data-image=\"https:\/\/www.hotel-vodisek.com\/web\/wp-content\/uploads\/2017\/09\/booking-1000x1205.png\"><\/div>\n            <div class=\"col-md-6 reg_image_bck\" data-color=\"#292929\">\n                <div class=\"reg_simple_block\">\n                    <h2><i class=\"ti ti-star\"><\/i><i class=\"ti ti-star\"><\/i><i class=\"ti ti-star\"><\/i><i class=\"ti ti-star\"><\/i><i class=\"ti ti-star\"><\/i><\/h2>\n                    <h3>Wonderful Staying at Dependance Vodisek<\/h3>\n                    <p>Good location, the old town was easily available from the dependance. The stuff was nice and friendly. The breakfast was delicious. It was worth the money. \ud83d\ude42<\/p><p>Zsu<\/p>                    <p><a href=\"https:\/\/www.booking.com\" class=\"btn\">Read Full Review<\/a><\/p>\n                                        <p><img src=\"https:\/\/www.hotel-vodisek.com\/web\/wp-content\/uploads\/2016\/08\/girl-30x30.png\" alt=\"Wonderful Staying at Dependance Vodisek\"><\/p>\n                                <\/div>\n            <\/div>\n        <\/div>\n\n\n\t  \n\n        <!-- item -->\n        <div class=\"reg_review_item\">\n            <div class=\"col-md-6 reg_image_bck\" data-image=\"https:\/\/www.hotel-vodisek.com\/web\/wp-content\/uploads\/2017\/09\/tripadvisor-1000x1205.png\"><\/div>\n            <div class=\"col-md-6 reg_image_bck\" data-color=\"#292929\">\n                <div class=\"reg_simple_block\">\n                    <h2><i class=\"ti ti-star\"><\/i><i class=\"ti ti-star\"><\/i><i class=\"ti ti-star\"><\/i><i class=\"ti ti-star\"><\/i><i class=\"ti ti-star\"><\/i><\/h2>\n                    <h3>Traveled with family<\/h3>\n                    <p>I can add nothing to other reviews but wish to add my own thoughts. This is one of the best value for money accommodations I have ever stayed in. The room was spacious, clean and well maintained, the breakfast more than adequate and the staff incredibly helpful and friendly. Would easily recommend this accommodation.<\/p><p><span class=\"expand_inline scrname\">Lawrence G<\/span><\/p>                    <p><a href=\"https:\/\/www.tripadvisor.com\" class=\"btn\">Read Full Review<\/a><\/p>\n                                        <p><img src=\"https:\/\/www.hotel-vodisek.com\/web\/wp-content\/uploads\/2016\/08\/lawrens-g-30x30.png\" alt=\"Traveled with family\"><\/p>\n                                <\/div>\n            <\/div>\n        <\/div>\n\n\n\t  \n\n        <!-- item -->\n        <div class=\"reg_review_item\">\n            <div class=\"col-md-6 reg_image_bck\" data-image=\"https:\/\/www.hotel-vodisek.com\/web\/wp-content\/uploads\/2017\/09\/expedia-1000x1205.png\"><\/div>\n            <div class=\"col-md-6 reg_image_bck\" data-color=\"#292929\">\n                <div class=\"reg_simple_block\">\n                    <h2><i class=\"ti ti-star\"><\/i><i class=\"ti ti-star\"><\/i><i class=\"ti ti-star\"><\/i><i class=\"ti ti-star\"><\/i><i class=\"ti ti-star\"><\/i><\/h2>\n                    <h3>We recommend staying here<\/h3>\n                    <p>Very clean and comfortable hostel in a great location. The atmosphere was very fun and lively. Definitely would recommend staying here. <\/p>                    <p><a href=\"http:\/\/expedia.com\" class=\"btn\">Read Full Review<\/a><\/p>\n                                        <p><img src=\"https:\/\/www.hotel-vodisek.com\/web\/wp-content\/uploads\/2017\/09\/expedia-25x30.png\" alt=\"We recommend staying here\"><\/p>\n                                <\/div>\n            <\/div>\n        <\/div>\n\n\n\t  \n\n        <!-- item -->\n        <div class=\"reg_review_item\">\n            <div class=\"col-md-6 reg_image_bck\" data-image=\"https:\/\/www.hotel-vodisek.com\/web\/wp-content\/uploads\/2017\/09\/google-1000x1205.png\"><\/div>\n            <div class=\"col-md-6 reg_image_bck\" data-color=\"#292929\">\n                <div class=\"reg_simple_block\">\n                    <h2><i class=\"ti ti-star\"><\/i><i class=\"ti ti-star\"><\/i><i class=\"ti ti-star\"><\/i><i class=\"ti ti-star\"><\/i><i class=\"ti ti-star\"><\/i><\/h2>\n                    <h3>Tr\u00e8s agr\u00e9able Dependance<\/h3>\n                    <p><span class=\"r-iFdBRefhW7SE\"><span class=\"review-full-text\"><span dir=\"ltr\">Tr\u00e8s agr\u00e9able dependance, \u00e0 l'ancienne, tr\u00e8s bien tenu. Personnel \u00e0 l'\u00e9coute, service attentif aux demandes des clients, parking gratuit et check-out jusqu'\u00e0 midi. En sus: bon petit d\u00e9jeuner, bon restaurant et bar sympathique. Tr\u00e8s bien plac\u00e9 entre l'autoroute et la vieille ville, au milieu de toutes les commodit\u00e9s. Particuli\u00e8rement recommandable pour tout s\u00e9jour sur la c\u00f4te slov\u00e8ne.<\/span><\/span><\/span><\/p><p><a class=\"_e8k\" href=\"https:\/\/www.google.com\/maps\/contrib\/103928266867488284662\/reviews?hl=pt-PT&amp;sa=X&amp;ved=0ahUKEwi3yLT_mP_VAhVI2RoKHfR2B7EQvvQBCA0\">Romain Thirion<\/a><\/p>                    <p><a href=\"https:\/\/plus.google.com\" class=\"btn\">Read Full Review<\/a><\/p>\n                                        <p><img src=\"https:\/\/www.hotel-vodisek.com\/web\/wp-content\/uploads\/2016\/08\/photo.jpg-30x30.png\" alt=\"Tr\u00e8s agr\u00e9able Dependance\"><\/p>\n                                <\/div>\n            <\/div>\n        <\/div>\n\n\n\t\n\n<\/div>\n<\/div>\n<\/div>\n\n\n    <\/div>\n<\/section>\n\n\n\n\n<section  id=\"gallery\" class=\"  reg_section  \" style=\"background-color:#ffffff;\">\n\n\n    <div class=\"container text-center\">\n\t\t\n\t\t\t\t<h2 class=\"reg_main_title\">Galleria<\/h2><br>\n\t\t\n\t\t        <h3 class=\"reg_subtitle\">Date un&#039;occhiata<\/h3>\n        \t\t\n\t\t<!-- Content -->\n\t\t<div class=\"fw-row\">\n\t\n\n\n\n<div class=\"fw-col-xs-12\">\n\t<!-- icon boxes -->\n<div class=\"row reg_gallery reg_auto_height reg_wht_txt\">\n\n\n      \n\n\n        <!-- item -->\n        <div class=\"col-md-6\" >\n            <div class=\"reg_gallery_carousel_txt reg_over\" data-color=\"#292929\" data-opacity=\"0.8\">\n                <h2>Camere<\/h2>\n            <\/div>\n            <div class=\"reg_single_carousel reg_gallery_carousel reg_rooms_carousel\">\n                  \n                <div class=\"reg_room_block reg_gallery_item reg_image_bck\" data-image=\"https:\/\/www.hotel-vodisek.com\/web\/wp-content\/uploads\/2018\/01\/quadruple-room-french-top-1-1000x1000.jpg\">\n                <\/div>\n                  \n                <div class=\"reg_room_block reg_gallery_item reg_image_bck\" data-image=\"https:\/\/www.hotel-vodisek.com\/web\/wp-content\/uploads\/2018\/01\/triple-room-french-bed-other-3-1000x1000.jpg\">\n                <\/div>\n                  \n                <div class=\"reg_room_block reg_gallery_item reg_image_bck\" data-image=\"https:\/\/www.hotel-vodisek.com\/web\/wp-content\/uploads\/2016\/08\/double-room-e1504796867779-1000x999.jpg\">\n                <\/div>\n                  \n                <div class=\"reg_room_block reg_gallery_item reg_image_bck\" data-image=\"https:\/\/www.hotel-vodisek.com\/web\/wp-content\/uploads\/2016\/08\/single-room-e1504796854624-1000x999.jpg\">\n                <\/div>\n                            <\/div>\n        <\/div>\n\n\n      \n\n\n        <!-- item -->\n        <div class=\"col-md-6\" >\n            <div class=\"reg_gallery_carousel_txt reg_over\" data-color=\"#292929\" data-opacity=\"0.8\">\n                <h2>Spazi Sociali<\/h2>\n            <\/div>\n            <div class=\"reg_single_carousel reg_gallery_carousel reg_rooms_carousel\">\n                  \n                <div class=\"reg_room_block reg_gallery_item reg_image_bck\" data-image=\"https:\/\/www.hotel-vodisek.com\/web\/wp-content\/uploads\/2016\/08\/Reception-e1504797039462-1000x1000.jpg\">\n                <\/div>\n                  \n                <div class=\"reg_room_block reg_gallery_item reg_image_bck\" data-image=\"https:\/\/www.hotel-vodisek.com\/web\/wp-content\/uploads\/2016\/08\/Bar-e1504796912827-1000x1000.jpg\">\n                <\/div>\n                  \n                <div class=\"reg_room_block reg_gallery_item reg_image_bck\" data-image=\"https:\/\/www.hotel-vodisek.com\/web\/wp-content\/uploads\/2016\/08\/Wait-e1504796899156-1000x1000.jpg\">\n                <\/div>\n                  \n                <div class=\"reg_room_block reg_gallery_item reg_image_bck\" data-image=\"https:\/\/www.hotel-vodisek.com\/web\/wp-content\/uploads\/2016\/08\/Coffee-Machine-e1504796883431-1000x1000.jpg\">\n                <\/div>\n                            <\/div>\n        <\/div>\n\n\n      \n\n\n        <!-- item -->\n        <div class=\"col-md-6\" >\n            <div class=\"reg_gallery_carousel_txt reg_over\" data-color=\"#292929\" data-opacity=\"0.8\">\n                <h2>Prima Colazione<\/h2>\n            <\/div>\n            <div class=\"reg_single_carousel reg_gallery_carousel reg_rooms_carousel\">\n                  \n                <div class=\"reg_room_block reg_gallery_item reg_image_bck\" data-image=\"https:\/\/www.hotel-vodisek.com\/web\/wp-content\/uploads\/2016\/08\/Restaurante-Okus-Room-1000x1000.jpg\">\n                <\/div>\n                            <\/div>\n        <\/div>\n\n\n      \n\n\n        <!-- item -->\n        <div class=\"col-md-6\" >\n            <div class=\"reg_gallery_carousel_txt reg_over\" data-color=\"#292929\" data-opacity=\"0.8\">\n                <h2>Terrazza<\/h2>\n            <\/div>\n            <div class=\"reg_single_carousel reg_gallery_carousel reg_rooms_carousel\">\n                  \n                <div class=\"reg_room_block reg_gallery_item reg_image_bck\" data-image=\"https:\/\/www.hotel-vodisek.com\/web\/wp-content\/uploads\/2016\/08\/Entry-e1504796979676-1000x1000.jpg\">\n                <\/div>\n                  \n                <div class=\"reg_room_block reg_gallery_item reg_image_bck\" data-image=\"https:\/\/www.hotel-vodisek.com\/web\/wp-content\/uploads\/2016\/08\/Terrace-Left-e1504796994846-1000x1000.jpg\">\n                <\/div>\n                  \n                <div class=\"reg_room_block reg_gallery_item reg_image_bck\" data-image=\"https:\/\/www.hotel-vodisek.com\/web\/wp-content\/uploads\/2016\/08\/Terrace-Right-e1504797022559-1000x1000.jpg\">\n                <\/div>\n                  \n                <div class=\"reg_room_block reg_gallery_item reg_image_bck\" data-image=\"https:\/\/www.hotel-vodisek.com\/web\/wp-content\/uploads\/2016\/08\/Bikes-e1504797007773-1000x1000.jpg\">\n                <\/div>\n                            <\/div>\n        <\/div>\n\n\n    \n<\/div>\n<\/div>\n<\/div>\n\n\n    <\/div>\n<\/section>\n\n<\/p>\n","protected":false},"excerpt":{"rendered":"<p>Circa Dependance Vodi\u0161ek Video Koper in 1 Minuto Informazioni fondamentali Informazioni su Hotel Vodi\u0161ek Il nostro dependance \u00e8 situato nel [&hellip;]<\/p>\n","protected":false},"author":1,"featured_media":0,"parent":0,"menu_order":1,"comment_status":"closed","ping_status":"closed","template":"template-onepage.php","meta":[],"_links":{"self":[{"href":"https:\/\/www.hotel-vodisek.com\/web\/wp-json\/wp\/v2\/pages\/770"}],"collection":[{"href":"https:\/\/www.hotel-vodisek.com\/web\/wp-json\/wp\/v2\/pages"}],"about":[{"href":"https:\/\/www.hotel-vodisek.com\/web\/wp-json\/wp\/v2\/types\/page"}],"author":[{"embeddable":true,"href":"https:\/\/www.hotel-vodisek.com\/web\/wp-json\/wp\/v2\/users\/1"}],"replies":[{"embeddable":true,"href":"https:\/\/www.hotel-vodisek.com\/web\/wp-json\/wp\/v2\/comments?post=770"}],"version-history":[{"count":20,"href":"https:\/\/www.hotel-vodisek.com\/web\/wp-json\/wp\/v2\/pages\/770\/revisions"}],"predecessor-version":[{"id":2755,"href":"https:\/\/www.hotel-vodisek.com\/web\/wp-json\/wp\/v2\/pages\/770\/revisions\/2755"}],"wp:attachment":[{"href":"https:\/\/www.hotel-vodisek.com\/web\/wp-json\/wp\/v2\/media?parent=770"}],"curies":[{"name":"wp","href":"https:\/\/api.w.org\/{rel}","templated":true}]}}