{"id":782,"date":"2017-09-14T08:30:56","date_gmt":"2017-09-14T06:30:56","guid":{"rendered":"http:\/\/www.hotel-vodisek.com\/web\/?page_id=782"},"modified":"2024-10-13T20:12:44","modified_gmt":"2024-10-13T19:12:44","slug":"servizi","status":"publish","type":"page","link":"https:\/\/www.hotel-vodisek.com\/web\/it\/servizi\/","title":{"rendered":"Servizi"},"content":{"rendered":"\n\n\n<section  id=\"services\" class=\"  reg_section  \" style=\"background-color:#f2f2f2;\">\n\n\n    <div class=\"container text-center\">\n\t\t\n\t\t\t\t<h2 class=\"reg_main_title\">Explore<\/h2><br>\n\t\t\n\t\t        <h3 class=\"reg_subtitle\">Nostri Servizi<\/h3>\n        \t\t\n\t\t<!-- Content -->\n\t\t<div class=\"fw-row\">\n\t\n\n\n\n<div class=\"fw-col-xs-12\">\n\t<div class=\"row row_no_pd reg_auto_height\">\n\t\n\t  \n\n\t\t\n         <div class=\"col-md-6 reg_image_bck\" data-color=\"#fff\">\n            <div class=\"reg_simple_block text-left\">\n                <h2>Ottima posizione<\/h2>\n                <h4>Siamo stati recentemente nominati uno dei Top 10 Dependance in Capodistria<\/h4>\n                <p>Dependance Vodi\u0161ek si trova nel centro di Capodistira<\/p><p>Il nostro alloggio \u00e8 il discorso della citt\u00e0 ed \u00e8 ideale per gli ospiti che vogliono far parte della creativit\u00e0. Ci sono letteralmente centinaia di bar freschi, boutique eccentriche e caffetterie alternative intorno a noi.<\/p>            <\/div>\n        <\/div>\n        <!-- item end -->\n\t\t\n\t\t<!-- item -->\n        <div class=\"col-md-6\" >\n            <div class=\"reg_single_carousel reg_rooms_carousel reg_wht_txt\">\n            \t \n                <div class=\"reg_room_block reg_image_bck\" data-image=\"https:\/\/www.hotel-vodisek.com\/web\/wp-content\/uploads\/2016\/08\/Google-Maps-Hotel-Vodisek-Web-1000x999.png\">\n                    <!-- vertical text -->\n                    <div class=\"reg_slider_copyright\">Hotel Vodisek Local \"<\/div>\n                <\/div>\n                 \n\n            <\/div>\n        <\/div>\n\n       \n        \n\t  \n\n\t\t\n         <div class=\"col-md-6 reg_image_bck\" data-color=\"#fff\">\n            <div class=\"reg_simple_block text-left\">\n                <h2>Colazione<\/h2>\n                <h4>Una buona colazione \u00e8 importante !!<\/h4>\n                <p>La colazione \u00e8 essenziale per avere un buon inizio della giornata.<\/p><p>La nostra prima colazione a buffet con trattamenti ecologici favorisce generalmente tutti i tipi di gemme aromi.<br \/>Succo d'arancia fresco o succo di mela, selezione di caff\u00e8 e t\u00e8 appena preparati, frutta appena tagliata, selezione di cereali, pane tostato, burro, nutella, marmellata e marmellata, croissant appena sfornati ...<\/p>            <\/div>\n        <\/div>\n        <!-- item end -->\n\t\t\n\t\t<!-- item -->\n        <div class=\"col-md-6\" >\n            <div class=\"reg_single_carousel reg_rooms_carousel reg_wht_txt\">\n            \t \n                <div class=\"reg_room_block reg_image_bck\" data-image=\"https:\/\/www.hotel-vodisek.com\/web\/wp-content\/uploads\/2016\/08\/Hotel-Vosdisek-Breakfast-1000x1000.jpg\">\n                    <!-- vertical text -->\n                    <div class=\"reg_slider_copyright\">Breakfast\"<\/div>\n                <\/div>\n                 \n                <div class=\"reg_room_block reg_image_bck\" data-image=\"https:\/\/www.hotel-vodisek.com\/web\/wp-content\/uploads\/2016\/08\/Hotel-Vodisek-Croissant-1-e1504797294581-1000x1000.jpg\">\n                    <!-- vertical text -->\n                    <div class=\"reg_slider_copyright\">Breakfast\"<\/div>\n                <\/div>\n                 \n                <div class=\"reg_room_block reg_image_bck\" data-image=\"https:\/\/www.hotel-vodisek.com\/web\/wp-content\/uploads\/2016\/08\/Hotel-Vodisek-Breakfast-e1504797283809-1000x1000.jpg\">\n                    <!-- vertical text -->\n                    <div class=\"reg_slider_copyright\">Breakfast\"<\/div>\n                <\/div>\n                 \n\n            <\/div>\n        <\/div>\n\n       \n        \n\t  \n\n\t\t\n         <div class=\"col-md-6 reg_image_bck\" data-color=\"#fff\">\n            <div class=\"reg_simple_block text-left\">\n                <h2>Wi-Fi Gratis<\/h2>\n                <h4>Ottenga gratis online<\/h4>\n                <p>Godetevi la connessione Wi-Fi gratuita durante tutto il vostro soggiorno presso Dependance Vodi\u0161ek.<\/p><p>Basta selezionare \"Vodi\" ... dall'elenco delle reti disponibili e collegarsi.<\/p><p>Controllare le tue e-mail e inviare aggiornamenti di Facebook, cercare e sfogliare i contenuti del tuo cuore, 24 ore su 24. Tutto su di noi.<\/p>            <\/div>\n        <\/div>\n        <!-- item end -->\n\t\t\n\t\t<!-- item -->\n        <div class=\"col-md-6\" >\n            <div class=\"reg_single_carousel reg_rooms_carousel reg_wht_txt\">\n            \t \n                <div class=\"reg_room_block reg_image_bck\" data-image=\"https:\/\/www.hotel-vodisek.com\/web\/wp-content\/uploads\/2016\/08\/Wi-Fi-e1504797320762-1000x1000.jpg\">\n                    <!-- vertical text -->\n                    <div class=\"reg_slider_copyright\">Wi-Fi\"<\/div>\n                <\/div>\n                 \n\n            <\/div>\n        <\/div>\n\n       \n        \n\t  \n\n\t\t\n         <div class=\"col-md-6 reg_image_bck\" data-color=\"#fff\">\n            <div class=\"reg_simple_block text-left\">\n                <h2>Parcheggio gratuito<\/h2>\n                <h4>Parcheggio gratuito durante il vostro soggiorno.<\/h4>\n                <p>Siamo uno dei pochi Dependance della zona, che non fanno pagare i nostri ospiti per il parcheggio durante il loro soggiorno. Il parcheggio \u00e8 gratuito fino al check-out (il check-out \u00e8 fino alle 12 del giorno di partenza.)<\/p>            <\/div>\n        <\/div>\n        <!-- item end -->\n\t\t\n\t\t<!-- item -->\n        <div class=\"col-md-6\" >\n            <div class=\"reg_single_carousel reg_rooms_carousel reg_wht_txt\">\n            \t \n                <div class=\"reg_room_block reg_image_bck\" data-image=\"https:\/\/www.hotel-vodisek.com\/web\/wp-content\/uploads\/2016\/08\/Free-Parking-1000x998.jpg\">\n                    <!-- vertical text -->\n                    <div class=\"reg_slider_copyright\">Free Parking\"<\/div>\n                <\/div>\n                 \n\n            <\/div>\n        <\/div>\n\n       \n        \n\t  \n\n\t\t\n         <div class=\"col-md-6 reg_image_bck\" data-color=\"#fff\">\n            <div class=\"reg_simple_block text-left\">\n                <h2>Animali ammessi<\/h2>\n                <h4>Animali domestici benvenuti ...<\/h4>\n                <p>Al Dependance Vodi\u0161ek, amiamo gli animali ma non ci occupiamo del tuo amico peloso o addirittura di carezze personalizzate. Il tuo amico peloso pu\u00f2 aspettarsi tocchi speciali come una nota di benvenuto.<\/p><p>Una tassa di soggiorno non rimborsabile di \u20ac 5,00 si applica, per animale, a soggiorno. Pensiamo che sia un piccolo prezzo da pagare.<\/p>            <\/div>\n        <\/div>\n        <!-- item end -->\n\t\t\n\t\t<!-- item -->\n        <div class=\"col-md-6\" >\n            <div class=\"reg_single_carousel reg_rooms_carousel reg_wht_txt\">\n            \t \n                <div class=\"reg_room_block reg_image_bck\" data-image=\"https:\/\/www.hotel-vodisek.com\/web\/wp-content\/uploads\/2016\/08\/Hotel-Vodisek-Dog-and-Cat-e1504797306438-1000x1001.jpg\">\n                    <!-- vertical text -->\n                    <div class=\"reg_slider_copyright\">Dog and Cat \"<\/div>\n                <\/div>\n                 \n                <div class=\"reg_room_block reg_image_bck\" data-image=\"https:\/\/www.hotel-vodisek.com\/web\/wp-content\/uploads\/2016\/08\/Hotel-Vodisek-Giraffe-e1504797362250-1000x999.jpg\">\n                    <!-- vertical text -->\n                    <div class=\"reg_slider_copyright\">Giraffe\"<\/div>\n                <\/div>\n                 \n\n            <\/div>\n        <\/div>\n\n       \n        \n\t\n\n<\/div>\n<\/div>\n<\/div>\n\n\n    <\/div>\n<\/section>\n\n\n","protected":false},"excerpt":{"rendered":"<p>Explore Nostri Servizi Ottima posizione Siamo stati recentemente nominati uno dei Top 10 Dependance in Capodistria Dependance Vodi\u0161ek si trova [&hellip;]<\/p>\n","protected":false},"author":1,"featured_media":0,"parent":0,"menu_order":6,"comment_status":"closed","ping_status":"closed","template":"template-onepage.php","meta":[],"_links":{"self":[{"href":"https:\/\/www.hotel-vodisek.com\/web\/wp-json\/wp\/v2\/pages\/782"}],"collection":[{"href":"https:\/\/www.hotel-vodisek.com\/web\/wp-json\/wp\/v2\/pages"}],"about":[{"href":"https:\/\/www.hotel-vodisek.com\/web\/wp-json\/wp\/v2\/types\/page"}],"author":[{"embeddable":true,"href":"https:\/\/www.hotel-vodisek.com\/web\/wp-json\/wp\/v2\/users\/1"}],"replies":[{"embeddable":true,"href":"https:\/\/www.hotel-vodisek.com\/web\/wp-json\/wp\/v2\/comments?post=782"}],"version-history":[{"count":8,"href":"https:\/\/www.hotel-vodisek.com\/web\/wp-json\/wp\/v2\/pages\/782\/revisions"}],"predecessor-version":[{"id":2765,"href":"https:\/\/www.hotel-vodisek.com\/web\/wp-json\/wp\/v2\/pages\/782\/revisions\/2765"}],"wp:attachment":[{"href":"https:\/\/www.hotel-vodisek.com\/web\/wp-json\/wp\/v2\/media?parent=782"}],"curies":[{"name":"wp","href":"https:\/\/api.w.org\/{rel}","templated":true}]}}