{"id":800,"date":"2017-09-14T08:43:29","date_gmt":"2017-09-14T06:43:29","guid":{"rendered":"http:\/\/www.hotel-vodisek.com\/web\/?page_id=800"},"modified":"2024-10-13T19:25:25","modified_gmt":"2024-10-13T18:25:25","slug":"uber-uns","status":"publish","type":"page","link":"https:\/\/www.hotel-vodisek.com\/web\/de\/uber-uns\/","title":{"rendered":"\u00dcber uns"},"content":{"rendered":"<p>\n\n\n<section  id=\"about\" class=\"  reg_section  \" >\n\n\n    <div class=\"container text-center\">\n\t\t\n\t\t\t\t<h2 class=\"reg_main_title\">\u00dcber<\/h2><br>\n\t\t\n\t\t        <h3 class=\"reg_subtitle\">Dependance Vodi\u0161ek<\/h3>\n        \t\t\n\t\t<!-- Content -->\n\t\t<div class=\"fw-row\">\n\t\n\n\n\n<div class=\"fw-col-xs-12\">\n\t\n\n<div class=\"row reg_auto_height\">\n\n    <!-- col -->\n    <div class=\"col-md-6 reg_image_bck reg_wht_txt\" data-image=\"https:\/\/www.hotel-vodisek.com\/web\/wp-content\/uploads\/2017\/09\/koper-city-2-1000x1000.jpg\">\n        <div class=\"reg_over\" data-color=\"#333333\" data-opacity=\"0.5\"><\/div>\n        <a href=\"https:\/\/www.youtube.com\/watch?v=En_8Js3X5z4\" class=\"video reg_fullwidth_link\"><\/a>\n        <div class=\"reg_block_center\">\n            <h3>\n                <span class=\"reg_underline_title\">Video ansehen<\/span>  \n                <br>\n                <span class=\"reg_underline_title\">Koper<\/span>   \n                <br>\n                <span class=\"reg_underline_title\">in 1 Minute<\/span>\n            <\/h3>\n        <\/div>\n    <\/div>\n    <!-- cole end -->\n\n    <!-- col -->\n    <div class=\"col-md-6 reg_image_bck\" data-color=\"#f2f2f2\">\n        <div class=\"reg_simple_block text-left\">\n            <h2>Wesentliche Info<\/h2>\n            <h3>\u00dcber Dependance Vodi\u0161ek<\/h3>\n            <p>Unser Dependance im Zentrum der Stadt Koper neben der Adria K\u00fcste befindet: Unsere Unterkunft ist ideal f\u00fcr G\u00e4ste, die Unterkunft wollen mit Qualit\u00e4t und fairen Preis. In n\u00e4chster N\u00e4he gibt es Bars, Boutiquen, Superm\u00e4rkte, schrullig und alternativen Caf\u00e9s alles, was Sie ben\u00f6tigen, um Ihre W\u00fcnsche zu erf\u00fcllen.<\/p><h3>Rajko Vodi\u0161ek<\/h3><p>Manager<\/p>        <\/div>\n    <\/div>\n    <!-- cole end -->\n<\/div>\n<!-- row end -->\n<\/div>\n<\/div>\n\n\n    <\/div>\n<\/section>\n\n\n\n\n<section  id=\"team\" class=\"  reg_section  \" >\n\n\n    <div class=\"container text-center\">\n\t\t\n\t\t\t\t<h2 class=\"reg_main_title\">Team<\/h2><br>\n\t\t\n\t\t        <h3 class=\"reg_subtitle\">Freundlich &amp; Profi<\/h3>\n        \t\t\n\t\t<!-- Content -->\n\t\t<div class=\"fw-row\">\n\t\n\n\n\n<div class=\"fw-col-xs-12\">\n\t<!-- boxes -->\n<div class=\"reg_icon_boxes row text-center\">\n\n    <!-- slider -->  \n    <div class=\"reg_team_slider\">\n\t\n\t  \n\n        <!-- item -->\n        <div class=\"reg_icon_box reg_team_box\">\n            <div class=\"reg_icon_box_photo\">\n                <img src=\"https:\/\/www.hotel-vodisek.com\/web\/wp-content\/uploads\/2017\/09\/hotel-vodisek-barbara-3-456x1217.jpg\" alt=\"\">\n            <\/div>\n            <h4><b>Barbara<\/b> <br><\/h4>\n        <\/div> \n\n\n\t  \n\n        <!-- item -->\n        <div class=\"reg_icon_box reg_team_box\">\n            <div class=\"reg_icon_box_photo\">\n                <img src=\"https:\/\/www.hotel-vodisek.com\/web\/wp-content\/uploads\/2017\/09\/hotel-vodisek-nikolija-2-456x1217.jpg\" alt=\"\">\n            <\/div>\n            <h4><b>Nikolija<\/b> <br><\/h4>\n        <\/div> \n\n\n\t  \n\n        <!-- item -->\n        <div class=\"reg_icon_box reg_team_box\">\n            <div class=\"reg_icon_box_photo\">\n                <img src=\"https:\/\/www.hotel-vodisek.com\/web\/wp-content\/uploads\/2017\/09\/hotel-vodisek-rajko-2-456x1217.jpg\" alt=\"\">\n            <\/div>\n            <h4><b>Rajko<\/b> <br><\/h4>\n        <\/div> \n\n\n\t  \n\n        <!-- item -->\n        <div class=\"reg_icon_box reg_team_box\">\n            <div class=\"reg_icon_box_photo\">\n                <img src=\"https:\/\/www.hotel-vodisek.com\/web\/wp-content\/uploads\/2017\/09\/hotel-vodisek-natasha-2-456x1217.jpg\" alt=\"\">\n            <\/div>\n            <h4><b>Natasha<\/b> <br><\/h4>\n        <\/div> \n\n\n\t  \n\n        <!-- item -->\n        <div class=\"reg_icon_box reg_team_box\">\n            <div class=\"reg_icon_box_photo\">\n                <img src=\"https:\/\/www.hotel-vodisek.com\/web\/wp-content\/uploads\/2017\/09\/hotel-vodisek-toni-2-456x1217.jpg\" alt=\"\">\n            <\/div>\n            <h4><b>Toni<\/b> <br><\/h4>\n        <\/div> \n\n\n\t\n    <\/div>\n<\/div>\n<\/div>\n<\/div>\n\n\n    <\/div>\n<\/section>\n\n\n\n\n<section  id=\"info\" class=\"  reg_section  \" >\n\n\n    <div class=\"container text-center\">\n\t\t\n\t\t\t\t<h2 class=\"reg_main_title\">Visitenkarte<\/h2><br>\n\t\t\n\t\t\t\t\n\t\t<!-- Content -->\n\t\t<div class=\"fw-row\">\n\t\n\n\n\n<div class=\"fw-col-xs-12\">\n\t<div class=\"text_block\">\n\n\n\n\n\n\n<p style=\"text-align: left;\"><strong>Firma:<\/strong> VODI\u0160EK d.o.o.<\/p><p style=\"text-align: left;\"><strong>Sitz und Adresse:<\/strong><br \/>Kolodvorska cesta, 2 6000-Koper, Slowenien<br \/>+ 386 5 639 24 68<br \/>info@hotel-vodisek.com<\/p><p style=\"text-align: left;\"><strong>Registrierungs:<\/strong> 5904277<br \/><strong>Steuer.:<\/strong> 36175854<br \/>Eingetragen beim Gericht in Koper 95\/00581 (04927\/00)<br \/><strong>USt-IdNr:<\/strong> SI36175854 (wir sind Steuerzahler)<\/p><p style=\"text-align: left;\"><strong>Hauptt\u00e4tigkeit:<\/strong> Dependance, Gasth\u00f6fe und Pensionen<\/p><p style=\"text-align: left;\"><strong>Leitung:<\/strong> Rajko Vodi\u0161ek<\/p><\/div><\/div>\n<\/div>\n\n\n    <\/div>\n<\/section>\n\n<\/p>\n","protected":false},"excerpt":{"rendered":"<p>\u00dcber Dependance Vodi\u0161ek Video ansehen Koper in 1 Minute Wesentliche Info \u00dcber Dependance Vodi\u0161ek Unser Dependance im Zentrum der Stadt [&hellip;]<\/p>\n","protected":false},"author":1,"featured_media":0,"parent":0,"menu_order":2,"comment_status":"closed","ping_status":"closed","template":"template-onepage.php","meta":[],"_links":{"self":[{"href":"https:\/\/www.hotel-vodisek.com\/web\/wp-json\/wp\/v2\/pages\/800"}],"collection":[{"href":"https:\/\/www.hotel-vodisek.com\/web\/wp-json\/wp\/v2\/pages"}],"about":[{"href":"https:\/\/www.hotel-vodisek.com\/web\/wp-json\/wp\/v2\/types\/page"}],"author":[{"embeddable":true,"href":"https:\/\/www.hotel-vodisek.com\/web\/wp-json\/wp\/v2\/users\/1"}],"replies":[{"embeddable":true,"href":"https:\/\/www.hotel-vodisek.com\/web\/wp-json\/wp\/v2\/comments?post=800"}],"version-history":[{"count":12,"href":"https:\/\/www.hotel-vodisek.com\/web\/wp-json\/wp\/v2\/pages\/800\/revisions"}],"predecessor-version":[{"id":2760,"href":"https:\/\/www.hotel-vodisek.com\/web\/wp-json\/wp\/v2\/pages\/800\/revisions\/2760"}],"wp:attachment":[{"href":"https:\/\/www.hotel-vodisek.com\/web\/wp-json\/wp\/v2\/media?parent=800"}],"curies":[{"name":"wp","href":"https:\/\/api.w.org\/{rel}","templated":true}]}}