{"id":803,"date":"2017-09-14T08:47:28","date_gmt":"2017-09-14T06:47:28","guid":{"rendered":"http:\/\/www.hotel-vodisek.com\/web\/?page_id=803"},"modified":"2024-10-13T19:48:34","modified_gmt":"2024-10-13T18:48:34","slug":"zimmer-preise","status":"publish","type":"page","link":"https:\/\/www.hotel-vodisek.com\/web\/de\/zimmer-preise\/","title":{"rendered":"Zimmer Preise"},"content":{"rendered":"\n\n\n<section  id=\"prices\" class=\"  reg_section  \" style=\"background-color:#f2f2f2;\">\n\n\n    <div class=\"container text-center\">\n\t\t\n\t\t\t\t<h2 class=\"reg_main_title\">Erforschen<\/h2><br>\n\t\t\n\t\t        <h3 class=\"reg_subtitle\">Zimmer &amp; Preise<\/h3>\n        \t\t\n\t\t<!-- Content -->\n\t\t<div class=\"fw-row\">\n\t\n\n\n\n<div class=\"fw-col-xs-12\">\n\t<div class=\"row row_no_pd reg_auto_height\">\n\t\n\t  \n\n\t\t\t    <!-- item -->\n        <div class=\"col-md-6\" >\n            <div class=\"reg_single_carousel reg_rooms_carousel reg_wht_txt\">\n            \t \n                <div class=\"reg_room_block reg_image_bck\" data-image=\"https:\/\/www.hotel-vodisek.com\/web\/wp-content\/uploads\/2016\/08\/single-room-e1504796854624-1000x999.jpg\">\n                    <!-- vertical text -->\n                    <div class=\"reg_slider_copyright\">Room\"<\/div>\n                <\/div>\n                 \n                <div class=\"reg_room_block reg_image_bck\" data-image=\"https:\/\/www.hotel-vodisek.com\/web\/wp-content\/uploads\/2016\/08\/Bathroom-Single-Room-e1504796793985-1000x1000.jpg\">\n                    <!-- vertical text -->\n                    <div class=\"reg_slider_copyright\">Bathroom\"<\/div>\n                <\/div>\n                 \n                <div class=\"reg_room_block reg_image_bck\" data-image=\"https:\/\/www.hotel-vodisek.com\/web\/wp-content\/uploads\/2016\/08\/Wall-Single-Room-e1504796808382-1000x1000.jpg\">\n                    <!-- vertical text -->\n                    <div class=\"reg_slider_copyright\">Wall\"<\/div>\n                <\/div>\n                 \n\n            <\/div>\n        <\/div>\n\n        <div class=\"col-md-6 reg_image_bck\" data-color=\"#fff\">\n            <div class=\"reg_simple_block text-left\">\n                <h2>Zweibettzimmer <a href=\"#reg_page\" class=\"reg_go\"><i class=\"ti ti-tag\"><\/i><b>Book Now<\/b><\/a><\/h2>\n                <h4>Zweibettzimmer - Mit Comfort<\/h4>\n                <ul><li>Fr\u00fchst\u00fcck (Buffet)<\/li><li>FREE Kaffee Espresso \/ Cappuccino<\/li><li>Kostenloser WLAN-Internetzugang<\/li><li>Klimaanlage<\/li><li>Flachbild-LCD-TV<\/li><li>TELEFON (kostenlose Ortsgespr\u00e4che)<\/li><li>Schreibtisch<\/li><\/ul>                <h3>Von\u00a0<strong><b>\u20ac<\/b>70.00<\/strong>\u00a0\/ nacht \/ 1p<\/h3><p>* + \u20ac2.00 Kurtaxe \/ pro Person.<\/p><p>* Dependance Vodisek beh\u00e4lt sich das recht vor, die preise und bedingungen ohne vorank\u00fcndigung zu \u00e4ndern, abh\u00e4ngig von der jahreszeit sowie besonderen ereignissen.<\/p>            <\/div>\n        <\/div>\n        <!-- item end -->\n        \n\t  \n\n\t\t\n        <!-- item -->\n        <div class=\"col-md-6 col-md-push-6\" >\n            <div class=\"reg_single_carousel reg_rooms_carousel reg_wht_txt\">\n                 \n                <div class=\"reg_room_block reg_image_bck\" data-image=\"https:\/\/www.hotel-vodisek.com\/web\/wp-content\/uploads\/2016\/08\/double-room-e1504796867779-1000x999.jpg\">\n                    <!-- vertical text -->\n                    <div class=\"reg_slider_copyright\">Room\"<\/div>\n                <\/div>\n                 \n                <div class=\"reg_room_block reg_image_bck\" data-image=\"https:\/\/www.hotel-vodisek.com\/web\/wp-content\/uploads\/2016\/08\/Bathroom-Double-Room-e1504796779962-1000x1000.jpg\">\n                    <!-- vertical text -->\n                    <div class=\"reg_slider_copyright\">Bathroom\"<\/div>\n                <\/div>\n                 \n                <div class=\"reg_room_block reg_image_bck\" data-image=\"https:\/\/www.hotel-vodisek.com\/web\/wp-content\/uploads\/2018\/01\/Wall-Double-Room-e1504796822642-3-1000x1000.jpg\">\n                    <!-- vertical text -->\n                    <div class=\"reg_slider_copyright\">Wall\"<\/div>\n                <\/div>\n                 \n\n            <\/div>\n        <\/div>\n\n        <div class=\"col-md-6 col-md-pull-6 reg_image_bck\" data-color=\"#fff\">\n            <div class=\"reg_simple_block text-left\">\n                <h2>Doppelzimmer <a href=\"#reg_page\" class=\"reg_go\"><i class=\"ti ti-tag\"><\/i><b>Book Now<\/b><\/a><\/h2>\n                <h4>Doppelzimmer oder French Bett - Mit Comfort<\/h4>\n                <ul><li>Fr\u00fchst\u00fcck (Buffet)<\/li><li>FREE Kaffee Espresso \/ Cappuccino<\/li><li>Kostenloser WLAN-Internetzugang<\/li><li>Klimaanlage<\/li><li>Flachbild-LCD-TV<\/li><li>TELEFON (kostenlose Ortsgespr\u00e4che)<\/li><li>Schreibtisch<\/li><\/ul>                <h3>Von\u00a0<strong><b>\u20ac<\/b>100.00<\/strong>\u00a0\/ nacht \/ 2p<\/h3><p>* + \u20ac2.00 Kurtaxe \/ pro Person.<\/p><p>* Dependance Vodisek beh\u00e4lt sich das recht vor, die preise und bedingungen ohne vorank\u00fcndigung zu \u00e4ndern, abh\u00e4ngig von der jahreszeit sowie besonderen ereignissen.<\/p>            <\/div>\n        <\/div>\n        <!-- item end -->\n\t\t\n\t\t\n\n       \n        \n\t  \n\n\t\t\t    <!-- item -->\n        <div class=\"col-md-6\" >\n            <div class=\"reg_single_carousel reg_rooms_carousel reg_wht_txt\">\n            \t \n                <div class=\"reg_room_block reg_image_bck\" data-image=\"https:\/\/www.hotel-vodisek.com\/web\/wp-content\/uploads\/2018\/01\/triple-room-french-bed-other-4-1000x1000.jpg\">\n                    <!-- vertical text -->\n                    <div class=\"reg_slider_copyright\">Room French Bed\"<\/div>\n                <\/div>\n                 \n                <div class=\"reg_room_block reg_image_bck\" data-image=\"https:\/\/www.hotel-vodisek.com\/web\/wp-content\/uploads\/2018\/01\/triple-room-french-bed-3-1000x1000.jpg\">\n                    <!-- vertical text -->\n                    <div class=\"reg_slider_copyright\">Room French Bed Closed\"<\/div>\n                <\/div>\n                 \n                <div class=\"reg_room_block reg_image_bck\" data-image=\"https:\/\/www.hotel-vodisek.com\/web\/wp-content\/uploads\/2018\/01\/triple-room-single-bed-4-1000x1000.jpg\">\n                    <!-- vertical text -->\n                    <div class=\"reg_slider_copyright\">Room Single Bed\"<\/div>\n                <\/div>\n                 \n                <div class=\"reg_room_block reg_image_bck\" data-image=\"https:\/\/www.hotel-vodisek.com\/web\/wp-content\/uploads\/2018\/01\/triple-room-sofa-3-1000x1000.jpg\">\n                    <!-- vertical text -->\n                    <div class=\"reg_slider_copyright\">Room Sofa\"<\/div>\n                <\/div>\n                 \n                <div class=\"reg_room_block reg_image_bck\" data-image=\"https:\/\/www.hotel-vodisek.com\/web\/wp-content\/uploads\/2016\/08\/IMG_4283-e1504796764992-1000x1000.jpg\">\n                    <!-- vertical text -->\n                    <div class=\"reg_slider_copyright\">Bathroom\"<\/div>\n                <\/div>\n                 \n\n            <\/div>\n        <\/div>\n\n        <div class=\"col-md-6 reg_image_bck\" data-color=\"#fff\">\n            <div class=\"reg_simple_block text-left\">\n                <h2>Dreibettzimmer <a href=\"#reg_page\" class=\"reg_go\"><i class=\"ti ti-tag\"><\/i><b>Book Now<\/b><\/a><\/h2>\n                <h4>Dreibettzimmer oder French Bett + Ein Bett - Mit Comfort<\/h4>\n                <ul><li>Fr\u00fchst\u00fcck (Buffet)<\/li><li>FREE Kaffee Espresso \/ Cappuccino<\/li><li>Kostenloser WLAN-Internetzugang<\/li><li>Klimaanlage<\/li><li>Flachbild-LCD-TV<\/li><li>TELEFON (kostenlose Ortsgespr\u00e4che)<\/li><li>Schreibtisch<\/li><\/ul>                <h3>Von\u00a0<strong><b>\u20ac<\/b>120.00<\/strong>\u00a0\/ nacht \/ 3p<\/h3><p>* + \u20ac2.00 Kurtaxe \/ pro Person.<\/p><p>* Dependance Vodisek beh\u00e4lt sich das recht vor, die preise und bedingungen ohne vorank\u00fcndigung zu \u00e4ndern, abh\u00e4ngig von der jahreszeit sowie besonderen ereignissen.<\/p>            <\/div>\n        <\/div>\n        <!-- item end -->\n        \n\t  \n\n\t\t\n        <!-- item -->\n        <div class=\"col-md-6 col-md-push-6\" >\n            <div class=\"reg_single_carousel reg_rooms_carousel reg_wht_txt\">\n                 \n                <div class=\"reg_room_block reg_image_bck\" data-image=\"https:\/\/www.hotel-vodisek.com\/web\/wp-content\/uploads\/2018\/01\/quadruple-room-french-top-4-1000x1000.jpg\">\n                    <!-- vertical text -->\n                    <div class=\"reg_slider_copyright\">Room French Bed\"<\/div>\n                <\/div>\n                 \n                <div class=\"reg_room_block reg_image_bck\" data-image=\"https:\/\/www.hotel-vodisek.com\/web\/wp-content\/uploads\/2018\/01\/quadruple-room-french-bed-table-3-1000x1000.jpg\">\n                    <!-- vertical text -->\n                    <div class=\"reg_slider_copyright\">Room Sup Table\"<\/div>\n                <\/div>\n                 \n                <div class=\"reg_room_block reg_image_bck\" data-image=\"https:\/\/www.hotel-vodisek.com\/web\/wp-content\/uploads\/2016\/08\/Three-Bad-Room-Terrace-1000x1001.jpg\">\n                    <!-- vertical text -->\n                    <div class=\"reg_slider_copyright\">Room Sup\"<\/div>\n                <\/div>\n                 \n                <div class=\"reg_room_block reg_image_bck\" data-image=\"https:\/\/www.hotel-vodisek.com\/web\/wp-content\/uploads\/2018\/01\/quadruple-room-table-3-1000x1000.jpg\">\n                    <!-- vertical text -->\n                    <div class=\"reg_slider_copyright\">Room Table\"<\/div>\n                <\/div>\n                 \n                <div class=\"reg_room_block reg_image_bck\" data-image=\"https:\/\/www.hotel-vodisek.com\/web\/wp-content\/uploads\/2016\/08\/terrace-1000x1000.jpg\">\n                    <!-- vertical text -->\n                    <div class=\"reg_slider_copyright\">Room Terrace\"<\/div>\n                <\/div>\n                 \n                <div class=\"reg_room_block reg_image_bck\" data-image=\"https:\/\/www.hotel-vodisek.com\/web\/wp-content\/uploads\/2018\/01\/quadruple-room-closet-3-1000x1000.jpg\">\n                    <!-- vertical text -->\n                    <div class=\"reg_slider_copyright\">Room Closet\"<\/div>\n                <\/div>\n                 \n\n            <\/div>\n        <\/div>\n\n        <div class=\"col-md-6 col-md-pull-6 reg_image_bck\" data-color=\"#fff\">\n            <div class=\"reg_simple_block text-left\">\n                <h2>Vierbettzimmer <a href=\"#reg_page\" class=\"reg_go\"><i class=\"ti ti-tag\"><\/i><b>Book Now<\/b><\/a><\/h2>\n                <h4>Vierbettzimmer oder French Bett + 2 Ein Bett - Mit Comfort<\/h4>\n                <ul><li>Fr\u00fchst\u00fcck (Buffet)<\/li><li>FREE Kaffee Espresso \/ Cappuccino<\/li><li>Kostenloser WLAN-Internetzugang<\/li><li>Klimaanlage<\/li><li>Flachbild-LCD-TV<\/li><li>TELEFON (kostenlose Ortsgespr\u00e4che)<\/li><li>Schreibtisch<\/li><\/ul>                <h3>Von\u00a0<strong><b>\u20ac<\/b>140.00<\/strong>\u00a0\/ nacht \/ 4p<\/h3><p>* + \u20ac2.00 Kurtaxe \/ pro Person.<\/p><p>* Dependance Vodisek beh\u00e4lt sich das recht vor, die preise und bedingungen ohne vorank\u00fcndigung zu \u00e4ndern, abh\u00e4ngig von der jahreszeit sowie besonderen ereignissen.<\/p>            <\/div>\n        <\/div>\n        <!-- item end -->\n\t\t\n\t\t\n\n       \n        \n\t\n\n<\/div>\n<\/div>\n<\/div>\n\n\n    <\/div>\n<\/section>\n\n\n","protected":false},"excerpt":{"rendered":"<p>Erforschen Zimmer &amp; Preise Room&#8221; Bathroom&#8221; Wall&#8221; Zweibettzimmer Book Now Zweibettzimmer &#8211; Mit Comfort Fr\u00fchst\u00fcck (Buffet)FREE Kaffee Espresso \/ CappuccinoKostenloser [&hellip;]<\/p>\n","protected":false},"author":1,"featured_media":0,"parent":0,"menu_order":3,"comment_status":"closed","ping_status":"closed","template":"template-onepage.php","meta":[],"_links":{"self":[{"href":"https:\/\/www.hotel-vodisek.com\/web\/wp-json\/wp\/v2\/pages\/803"}],"collection":[{"href":"https:\/\/www.hotel-vodisek.com\/web\/wp-json\/wp\/v2\/pages"}],"about":[{"href":"https:\/\/www.hotel-vodisek.com\/web\/wp-json\/wp\/v2\/types\/page"}],"author":[{"embeddable":true,"href":"https:\/\/www.hotel-vodisek.com\/web\/wp-json\/wp\/v2\/users\/1"}],"replies":[{"embeddable":true,"href":"https:\/\/www.hotel-vodisek.com\/web\/wp-json\/wp\/v2\/comments?post=803"}],"version-history":[{"count":23,"href":"https:\/\/www.hotel-vodisek.com\/web\/wp-json\/wp\/v2\/pages\/803\/revisions"}],"predecessor-version":[{"id":2763,"href":"https:\/\/www.hotel-vodisek.com\/web\/wp-json\/wp\/v2\/pages\/803\/revisions\/2763"}],"wp:attachment":[{"href":"https:\/\/www.hotel-vodisek.com\/web\/wp-json\/wp\/v2\/media?parent=803"}],"curies":[{"name":"wp","href":"https:\/\/api.w.org\/{rel}","templated":true}]}}