{"id":809,"date":"2017-09-14T08:51:12","date_gmt":"2017-09-14T06:51:12","guid":{"rendered":"http:\/\/www.hotel-vodisek.com\/web\/?page_id=809"},"modified":"2024-10-13T20:15:09","modified_gmt":"2024-10-13T19:15:09","slug":"dienstleistungen","status":"publish","type":"page","link":"https:\/\/www.hotel-vodisek.com\/web\/de\/dienstleistungen\/","title":{"rendered":"Dienstleistungen"},"content":{"rendered":"\n\n\n<section  id=\"services\" class=\"  reg_section  \" style=\"background-color:#f2f2f2;\">\n\n\n    <div class=\"container text-center\">\n\t\t\n\t\t\t\t<h2 class=\"reg_main_title\">Entdecken<\/h2><br>\n\t\t\n\t\t        <h3 class=\"reg_subtitle\">Unsere Leistungen<\/h3>\n        \t\t\n\t\t<!-- Content -->\n\t\t<div class=\"fw-row\">\n\t\n\n\n\n<div class=\"fw-col-xs-12\">\n\t<div class=\"row row_no_pd reg_auto_height\">\n\t\n\t  \n\n\t\t\n         <div class=\"col-md-6 reg_image_bck\" data-color=\"#fff\">\n            <div class=\"reg_simple_block text-left\">\n                <h2>Top-Lage<\/h2>\n                <h4>Wir waren eine der Top 10 Dependance k\u00fcrzlich benannt in Capodistria<\/h4>\n                <p>Wir befinden uns im Stadtzentrum von Koper.<\/p><p>Unsere Unterkunft ist die Rede von der Stadt und ist ideal f\u00fcr G\u00e4ste, die Teil des kreativen sein wollen. Es gibt buchst\u00e4blich Hunderte von coolen Bars, schrullige Boutiquen und alternative Caf\u00e9s \u00fcberall um uns herum.<\/p>            <\/div>\n        <\/div>\n        <!-- item end -->\n\t\t\n\t\t<!-- item -->\n        <div class=\"col-md-6\" >\n            <div class=\"reg_single_carousel reg_rooms_carousel reg_wht_txt\">\n            \t \n                <div class=\"reg_room_block reg_image_bck\" data-image=\"https:\/\/www.hotel-vodisek.com\/web\/wp-content\/uploads\/2016\/08\/Google-Maps-Hotel-Vodisek-Web-1000x999.png\">\n                    <!-- vertical text -->\n                    <div class=\"reg_slider_copyright\">Hotel Vodisek Local \"<\/div>\n                <\/div>\n                 \n\n            <\/div>\n        <\/div>\n\n       \n        \n\t  \n\n\t\t\n         <div class=\"col-md-6 reg_image_bck\" data-color=\"#fff\">\n            <div class=\"reg_simple_block text-left\">\n                <h2>Fr\u00fchst\u00fcck<\/h2>\n                <h4>Ein gutes Fr\u00fchst\u00fcck ist wichtig!!<\/h4>\n                <p>Das Fr\u00fchst\u00fcck ist wichtig f\u00fcr Sie einen guten Start in den Tag zu kommen.<\/p><p>Unser Fr\u00fchst\u00fccksbuffet mit \u00f6kologischen Leckereien gef\u00e4llt in der Regel alle Arten von Geschmacksknospen.<br \/>Frischer Orangensaft oder Apfelsaft, frisch gebr\u00fchter Kaffee und Teeauswahl, frisch geschnittene Fr\u00fcchte, Auswahl an Getreide, Toast, Butter, Nutella, Marmeladen und Marmeladen, frisch gebackene Croissants ...<\/p>            <\/div>\n        <\/div>\n        <!-- item end -->\n\t\t\n\t\t<!-- item -->\n        <div class=\"col-md-6\" >\n            <div class=\"reg_single_carousel reg_rooms_carousel reg_wht_txt\">\n            \t \n                <div class=\"reg_room_block reg_image_bck\" data-image=\"https:\/\/www.hotel-vodisek.com\/web\/wp-content\/uploads\/2016\/08\/Hotel-Vosdisek-Breakfast-1000x1000.jpg\">\n                    <!-- vertical text -->\n                    <div class=\"reg_slider_copyright\">Breakfast\"<\/div>\n                <\/div>\n                 \n                <div class=\"reg_room_block reg_image_bck\" data-image=\"https:\/\/www.hotel-vodisek.com\/web\/wp-content\/uploads\/2016\/08\/Hotel-Vodisek-Croissant-1-e1504797294581-1000x1000.jpg\">\n                    <!-- vertical text -->\n                    <div class=\"reg_slider_copyright\">Breakfast\"<\/div>\n                <\/div>\n                 \n                <div class=\"reg_room_block reg_image_bck\" data-image=\"https:\/\/www.hotel-vodisek.com\/web\/wp-content\/uploads\/2016\/08\/Hotel-Vodisek-Breakfast-e1504797283809-1000x1000.jpg\">\n                    <!-- vertical text -->\n                    <div class=\"reg_slider_copyright\">Breakfast\"<\/div>\n                <\/div>\n                 \n\n            <\/div>\n        <\/div>\n\n       \n        \n\t  \n\n\t\t\n         <div class=\"col-md-6 reg_image_bck\" data-color=\"#fff\">\n            <div class=\"reg_simple_block text-left\">\n                <h2>Gratis Wi-Fi<\/h2>\n                <h4>Holen Sie sich online kostenlos<\/h4>\n                <p>Genie\u00dfen Sie kostenloses Wi-Fi w\u00e4hrend Ihres Aufenthaltes im Dependance Vodi\u0161ek.<\/p><p>W\u00e4hlen Sie einfach, \"Vodi ...\" aus der Liste der verf\u00fcgbaren Netzwerke und vernetzen.<\/p><p>\u00dcberpr\u00fcfen Sie Ihre E-Mails und Facebook-Updates ver\u00f6ffentlichen, suchen und wechseln Sie zu Ihrem Herzinhalt, 24\/7. Es ist alles auf uns.<\/p>            <\/div>\n        <\/div>\n        <!-- item end -->\n\t\t\n\t\t<!-- item -->\n        <div class=\"col-md-6\" >\n            <div class=\"reg_single_carousel reg_rooms_carousel reg_wht_txt\">\n            \t \n                <div class=\"reg_room_block reg_image_bck\" data-image=\"https:\/\/www.hotel-vodisek.com\/web\/wp-content\/uploads\/2016\/08\/Wi-Fi-e1504797320762-1000x1000.jpg\">\n                    <!-- vertical text -->\n                    <div class=\"reg_slider_copyright\">Wi-Fi\"<\/div>\n                <\/div>\n                 \n\n            <\/div>\n        <\/div>\n\n       \n        \n\t  \n\n\t\t\n         <div class=\"col-md-6 reg_image_bck\" data-color=\"#fff\">\n            <div class=\"reg_simple_block text-left\">\n                <h2>Gratis Parkpl\u00e4tze<\/h2>\n                <h4>Kostenloses Parken w\u00e4hrend Ihres Aufenthaltes.<\/h4>\n                <p>Kostenloses Parken w\u00e4hrend Ihres Aufenthalts.<\/p><p>Wir sind eines der wenigen Dependance in der Gegend, die w\u00e4hrend nicht unseren G\u00e4sten f\u00fcr die Parkgeb\u00fchr<br \/>ihren Aufenthalt. Das Parken ist kostenlos, bis Ihr Check-out (check-out, bis 12 Uhr am Tag der Abreise.)<\/p>            <\/div>\n        <\/div>\n        <!-- item end -->\n\t\t\n\t\t<!-- item -->\n        <div class=\"col-md-6\" >\n            <div class=\"reg_single_carousel reg_rooms_carousel reg_wht_txt\">\n            \t \n                <div class=\"reg_room_block reg_image_bck\" data-image=\"https:\/\/www.hotel-vodisek.com\/web\/wp-content\/uploads\/2016\/08\/Free-Parking-1000x998.jpg\">\n                    <!-- vertical text -->\n                    <div class=\"reg_slider_copyright\">Free Parking\"<\/div>\n                <\/div>\n                 \n\n            <\/div>\n        <\/div>\n\n       \n        \n\t  \n\n\t\t\n         <div class=\"col-md-6 reg_image_bck\" data-color=\"#fff\">\n            <div class=\"reg_simple_block text-left\">\n                <h2>Haustiere erlaubt<\/h2>\n                <h4>Pet Friendly Accommodations...<\/h4>\n                <p>Am Dependance Vodi\u0161ek lieben wir Tiere, aber wir nehmen nicht die Pflege Ihrer pelzigen Freund oder sogar mit personalisierten Sorgen. Ihre vierbeinigen Freund kann ganz besondere Note als Begr\u00fc\u00dfung erwarten.<\/p><p>A Eur 5,00 nicht zur\u00fcckerstattet Haustier Geb\u00fchr pro Haustier, pro Aufenthalt. Wir denken, es ist ein kleiner Preis zu zahlen.<\/p>            <\/div>\n        <\/div>\n        <!-- item end -->\n\t\t\n\t\t<!-- item -->\n        <div class=\"col-md-6\" >\n            <div class=\"reg_single_carousel reg_rooms_carousel reg_wht_txt\">\n            \t \n                <div class=\"reg_room_block reg_image_bck\" data-image=\"https:\/\/www.hotel-vodisek.com\/web\/wp-content\/uploads\/2016\/08\/Hotel-Vodisek-Dog-and-Cat-e1504797306438-1000x1001.jpg\">\n                    <!-- vertical text -->\n                    <div class=\"reg_slider_copyright\">Dog and Cat \"<\/div>\n                <\/div>\n                 \n                <div class=\"reg_room_block reg_image_bck\" data-image=\"https:\/\/www.hotel-vodisek.com\/web\/wp-content\/uploads\/2016\/08\/Hotel-Vodisek-Giraffe-e1504797362250-1000x999.jpg\">\n                    <!-- vertical text -->\n                    <div class=\"reg_slider_copyright\">Giraffe\"<\/div>\n                <\/div>\n                 \n\n            <\/div>\n        <\/div>\n\n       \n        \n\t\n\n<\/div>\n<\/div>\n<\/div>\n\n\n    <\/div>\n<\/section>\n\n\n","protected":false},"excerpt":{"rendered":"<p>Entdecken Unsere Leistungen Top-Lage Wir waren eine der Top 10 Dependance k\u00fcrzlich benannt in Capodistria Wir befinden uns im Stadtzentrum [&hellip;]<\/p>\n","protected":false},"author":1,"featured_media":0,"parent":0,"menu_order":6,"comment_status":"closed","ping_status":"closed","template":"template-onepage.php","meta":[],"_links":{"self":[{"href":"https:\/\/www.hotel-vodisek.com\/web\/wp-json\/wp\/v2\/pages\/809"}],"collection":[{"href":"https:\/\/www.hotel-vodisek.com\/web\/wp-json\/wp\/v2\/pages"}],"about":[{"href":"https:\/\/www.hotel-vodisek.com\/web\/wp-json\/wp\/v2\/types\/page"}],"author":[{"embeddable":true,"href":"https:\/\/www.hotel-vodisek.com\/web\/wp-json\/wp\/v2\/users\/1"}],"replies":[{"embeddable":true,"href":"https:\/\/www.hotel-vodisek.com\/web\/wp-json\/wp\/v2\/comments?post=809"}],"version-history":[{"count":8,"href":"https:\/\/www.hotel-vodisek.com\/web\/wp-json\/wp\/v2\/pages\/809\/revisions"}],"predecessor-version":[{"id":2766,"href":"https:\/\/www.hotel-vodisek.com\/web\/wp-json\/wp\/v2\/pages\/809\/revisions\/2766"}],"wp:attachment":[{"href":"https:\/\/www.hotel-vodisek.com\/web\/wp-json\/wp\/v2\/media?parent=809"}],"curies":[{"name":"wp","href":"https:\/\/api.w.org\/{rel}","templated":true}]}}