{"id":817,"date":"2017-09-14T09:01:29","date_gmt":"2017-09-14T07:01:29","guid":{"rendered":"http:\/\/www.hotel-vodisek.com\/web\/?page_id=817"},"modified":"2024-10-14T06:54:12","modified_gmt":"2024-10-14T05:54:12","slug":"de-faqs","status":"publish","type":"page","link":"https:\/\/www.hotel-vodisek.com\/web\/de\/de-faqs\/","title":{"rendered":"FAQs"},"content":{"rendered":"\n\n\n<section   class=\"  reg_section  \" >\n\n\n    <div class=\"container \">\n\t\t\n\t\t\n\t\t\t\t\n\t\t<!-- Content -->\n\t\t<div class=\"fw-row\">\n\t\n\n\n\n<div class=\"fw-col-xs-12\">\n\t<div class=\"text_block\">\n\n<h2>Faq<\/h2>\n\n<h3>Wenn Sie im Dependance Vodi\u0161ek wohnen, oder denken Sie daran, bei uns zu bleiben, dann nehmen Sie bitte eine Minute, um unsere Allgemeinen Gesch\u00e4ftsbedingungen zu lesen. Diese existieren, um das Dependance Vodi\u0161ek zu einem sicheren, gl\u00fccklichen und einladenden Ort zu machen.<\/h3>\n\n\n\n\n<p><strong>Lassen Sie sich Ihre Fragen beantworten<\/strong><\/p><p>Wir freuen uns, Ihnen Antworten zukommen zu lassen, die h\u00e4ufig von unseren unterschiedlichen G\u00e4sten gefragt werden.<\/p><h3>Wie ist Ihre Regelung f\u00fcr Haustiere?<\/h3><p>Uns ist bewusst, dass Tiere Teil der Familie sind. Dies ist der Grund, warum wir im Hotel Vodisek Hunde mit offenen Armen empfangen. Ihr flauschiger bester Freund wird Sie in Ihren Urlaub begleiten und gleichzeitig eine neue Destination kennen lernen.<br \/>Die Erg\u00e4nzung f\u00fcr Hunde betr\u00e4gt EUR 5,00 pro Haustier pro Nacht.<\/p><h3>Haben sie behindertengerechte Zimmer?<\/h3><p>Ja, wir haben.<\/p><h3>Wann gibt es Fr\u00fchst\u00fcck? Wie viel kostet es?<\/h3><p>Die Fr\u00fchst\u00fcckszeiten sind von 6:00 morgens bis 11:00.<\/p><h3>Was sind Ihre Check-in und Check-out Zeiten?<\/h3><p>Offizieller Check-In: ab 12.00 Uhr<br \/>Offizieller Check-Out: bis 12.00 Uhr<br \/>Wenn Sie fr\u00fcher anreisen oder sp\u00e4ter abreisen m\u00f6chten, k\u00f6nnen Sie gerne unser Rezeptionsteam kontaktieren. Service ist abh\u00e4ngig von der Verf\u00fcgbarkeit, es k\u00f6nnen zus\u00e4tzliche Kosten entstehen.<\/p><h3>Haben Sie Raucherzimmer?<\/h3><p>Raucherzimmer sind verf\u00fcgbar, jedoch sollte uns der Gast \u00fcber seine Preferenz bei der Buchung informieren. Da nicht alle Zimmer Raucherzimmer sind und wir nicht garantieren k\u00f6nnen, dass eins bei Check-In verf\u00fcgbar ist.<\/p><h3>Ist das Wi-Fi im Hotel kostenfrei?<\/h3><p>Kostenfreies WLAN ist im ganzen Dependance Vodi\u0161ek verf\u00fcgbar.<\/p><h3>Ist es m\u00f6glich ein Zustellbett im Zimmer aufzustellen?<\/h3><p>Ein Zustellbett steht im Zimmer gegen eine zus\u00e4tzliche Geb\u00fchr f\u00fcr die dritte Person zur Verf\u00fcgung. Die Preise variieren je nach Alter der Person. Kinder unter 6 Jahren \u00fcbernachten kostenlos.<\/p><h3>Kann mir das Hotel bei meinem Visum helfen?<\/h3><p>Ja das Hotel kann Ihnen mit dem Visumsantrag helfen, indem wir dem Gast eine Buchungsbest\u00e4tigung zukommen lassen. Weitere Anforderrungen und Notwendigkeiten um ein Visum zu erhalten m\u00fcssen mit dem Hotel kommuniziert werden.<\/p><h3>Gibt es Parkm\u00f6glichkeiten im Hotel und wie viel kosten diese?<\/h3><p>Die Parkpl\u00e4tze sind vorhanden und f\u00fcr G\u00e4ste kostenlos.<\/p><\/div><\/div>\n<\/div>\n\n\n    <\/div>\n<\/section>\n\n\n","protected":false},"excerpt":{"rendered":"<p>Faq Wenn Sie im Dependance Vodi\u0161ek wohnen, oder denken Sie daran, bei uns zu bleiben, dann nehmen Sie bitte eine [&hellip;]<\/p>\n","protected":false},"author":1,"featured_media":0,"parent":0,"menu_order":9,"comment_status":"closed","ping_status":"closed","template":"template-onepage.php","meta":[],"_links":{"self":[{"href":"https:\/\/www.hotel-vodisek.com\/web\/wp-json\/wp\/v2\/pages\/817"}],"collection":[{"href":"https:\/\/www.hotel-vodisek.com\/web\/wp-json\/wp\/v2\/pages"}],"about":[{"href":"https:\/\/www.hotel-vodisek.com\/web\/wp-json\/wp\/v2\/types\/page"}],"author":[{"embeddable":true,"href":"https:\/\/www.hotel-vodisek.com\/web\/wp-json\/wp\/v2\/users\/1"}],"replies":[{"embeddable":true,"href":"https:\/\/www.hotel-vodisek.com\/web\/wp-json\/wp\/v2\/comments?post=817"}],"version-history":[{"count":12,"href":"https:\/\/www.hotel-vodisek.com\/web\/wp-json\/wp\/v2\/pages\/817\/revisions"}],"predecessor-version":[{"id":2772,"href":"https:\/\/www.hotel-vodisek.com\/web\/wp-json\/wp\/v2\/pages\/817\/revisions\/2772"}],"wp:attachment":[{"href":"https:\/\/www.hotel-vodisek.com\/web\/wp-json\/wp\/v2\/media?parent=817"}],"curies":[{"name":"wp","href":"https:\/\/api.w.org\/{rel}","templated":true}]}}