{"id":819,"date":"2017-09-14T09:02:13","date_gmt":"2017-09-14T07:02:13","guid":{"rendered":"http:\/\/www.hotel-vodisek.com\/web\/?page_id=819"},"modified":"2024-10-14T07:03:44","modified_gmt":"2024-10-14T06:03:44","slug":"geschaeftsbedingungen","status":"publish","type":"page","link":"https:\/\/www.hotel-vodisek.com\/web\/de\/geschaeftsbedingungen\/","title":{"rendered":"Gesch\u00e4ftsbedingungen"},"content":{"rendered":"\n\n\n<section   class=\"  reg_section  \" >\n\n\n    <div class=\"container \">\n\t\t\n\t\t\n\t\t\t\t\n\t\t<!-- Content -->\n\t\t<div class=\"fw-row\">\n\t\n\n\n\n<div class=\"fw-col-xs-12\">\n\t<div class=\"text_block\">\n\n<h2>Gesch\u00e4ftsbedingungen<\/h2>\n\n\n\n\n\n<h3>Buchen<\/h3><p>Die Zustimmung \u00fcber die allg. Gesch\u00e4ftbedinungen und Conditionen f\u00fcr den Aufenthalt treten in Kraft, wenn wir ihre Buchung verbindlich best\u00e4tigen.<br \/>Die Buchung kann per Telefon, Fax, Mail und unser online Reservierungssystem erfolgen.<br \/>Die Endg\u00fcltige Reservierung wird best\u00e4tigt, mit zugesicherter. Vorl\u00e4ufige Buchungen haben eine G\u00fcltigkeit von 5 Tagen.<\/p><h3>Ankunft<\/h3><p>Buchungszeitraum ist von 12 Uhr des Anreisetages bis 12 Uhr des Abreisetages.<br \/>G\u00e4ste k\u00f6nnen den Parkplatz ohne Geb\u00fchr nutzen.<\/p><h3>Zahlung<\/h3><p>Die Rechnung des Dependance kann in bar oder per Kreditkarte beglichen werden.<br \/>Sonderangebote und Promotionen gelten nicht bei vorzeitiger Abreise.<\/p><h3>Preis<\/h3><p>Im Preis ist die MWST bereits enthalten.<br \/>Getr\u00e4nke, Essen, Telefon, Schmutzw\u00e4sche und Babysitting sind im Preis nicht inkludiert.<\/p><p>Das Dependance Vodi\u0161ek beh\u00e4lt sich das Recht vor, die Preise und Bedingungen ohne Vorank\u00fcndigung zu \u00e4ndern, abh\u00e4ngig von der Jahreszeit sowie besonderen Ereignissen.<\/p><h3>Kurtaxe<\/h3><p>Der Aufenthaltspreis erh\u00f6ht sich um die orts\u00fcbliche Kurtaxe. Die Kurtaxe ist von jedem Gast zu entrichten.<\/p><h3>Stornierung<\/h3><p>F\u00fcr eine \u00c4nderung des Zeitpunktes ihres Aufenthaltes, sind nur freie Termine m\u00f6glich.<br \/>Im Falle einer fr\u00fcheren Abreise, wird die Anzahlung f\u00fcr stornierte N\u00e4chte benutzt.<br \/>Stornierungen m\u00fcssen in schriftlicher Form eingereicht werden, g\u00fcltig ist das Eingangdatum.<br \/>Wir empfeheln in jedem Falle eine geeignete Reiser\u00fccktrittsversicherung f\u00fcr jegliche Eeventualit\u00e4ten.<\/p><h3>Haustiere<\/h3><p>Der Aufenthalt von Haustieren, muss im Voraus mit der Gesch\u00e4ftsleitung des Dependance Vodi\u0161ek abgesprochen werden.<\/p><h3>Rauchen<\/h3><p>Das Dependance Vodi\u0161ek ist ein Nichtraucher Dependance. Das Rauchen ist au\u00dferhalb erlaubt.<\/p><h3>Recht der Ablehung<\/h3><p>Wir behalten uns das Recht zum Widerruf, in besonderen F\u00e4llen, jegliche Reservierungen, oder \u00c4nderung der Vereinbarungen die geschlossen wurden, vor. Sollte der o. g. Fall eintreten, werden wir alles in unserer Macht stehende tun, um Ihnen eine Alternative anbieten zu k\u00f6nnen. Sollte Ihnen die Auswahl nicht zusagen, erstatten wir die gesamte Anzahlung.<\/p><h3>Anzahl der Personen<\/h3><p>Der Vermieter beh\u00e4lt sich das Recht, den Zutritt zu verwehren, bzw. um Abreise zu bitten, sollte die angegebene Personenanzahl bzw. maximale Anzahl \u00fcberschritten werden<\/p><h3>Verlust oder Besch\u00e4digung von Eigentum des Mieters<\/h3><p>Es wird keine Haftung f\u00fcr die Besch\u00e4digung oder den Verlust von Eigentum des Mieters durch Selbstverschuldung oder durch G\u00e4ste des Mieters, w\u00e4hrend ihres Aufenthaltes, \u00fcbernommen.<br \/>Bargeld sowie Schmuck und s\u00e4mtliche Gegenst\u00e4nde mit Wert, k\u00f6nnen an der Rezeption abgegeben werden.<\/p><h3>Beschwerden<\/h3><p>Sollten w\u00e4hrend des Aufenthaltes etwaige Probleme oder Beschwerden auftreten, bitten wir um sofortige Kontaktaufnahme mit dem Besitzer oder dem Verwalter, damit diese schnellstm\u00f6glich beseitigt werden k\u00f6nnen. Sp\u00e4tere Beschwerden werden nicht angenommen. Bitte haben Sie Verst\u00e4ndnis daf\u00fcr.<\/p><h3>Das Recht auf Zutritt und Eintritt<\/h3><p>Wir behalten uns das Recht vor, Zutritt in das Zimmer zu verlangen, aus angebrachtem Anlass zu jeder Zeit.<br \/>Der Besitzer und der Verwalter sind berechtigt, das Zimmer zu betreten, vor allem im Falle einer dringenden Reparatur oder zu Besichtigungszwecken.<\/p><h3>\u00c4nderungen und Widerruf seitens des Besitzers<\/h3><p>Der Besitzer hat das Recht \u00c4nderungen und einen Widerruf zu machen, wegen h\u00f6herer Macht oder unter welchen Umst\u00e4nden auch immer, auf die der Besitzer keinen Einflu\u00df nehmen kann. In diesem Fall werden dem Mieter s\u00e4mtliche Vorauszahlungen zur\u00fcckerstattet. Der Besitzer ist nur f\u00fcr die R\u00fcckerstattung, der durch ihn entstanden Kosten verantwortlich, jedoch nicht f\u00fcr andere, die dem Mieter entstanden sind.<\/p><p>Republik Slowenien - Koper, 31.01.2023<\/p><p><strong>Dependance Vodi\u0161ek<\/strong><\/p><\/div><\/div>\n<\/div>\n\n\n    <\/div>\n<\/section>\n\n\n","protected":false},"excerpt":{"rendered":"<p>Gesch\u00e4ftsbedingungen BuchenDie Zustimmung \u00fcber die allg. Gesch\u00e4ftbedinungen und Conditionen f\u00fcr den Aufenthalt treten in Kraft, wenn wir ihre Buchung verbindlich [&hellip;]<\/p>\n","protected":false},"author":1,"featured_media":0,"parent":0,"menu_order":10,"comment_status":"closed","ping_status":"closed","template":"template-onepage.php","meta":[],"_links":{"self":[{"href":"https:\/\/www.hotel-vodisek.com\/web\/wp-json\/wp\/v2\/pages\/819"}],"collection":[{"href":"https:\/\/www.hotel-vodisek.com\/web\/wp-json\/wp\/v2\/pages"}],"about":[{"href":"https:\/\/www.hotel-vodisek.com\/web\/wp-json\/wp\/v2\/types\/page"}],"author":[{"embeddable":true,"href":"https:\/\/www.hotel-vodisek.com\/web\/wp-json\/wp\/v2\/users\/1"}],"replies":[{"embeddable":true,"href":"https:\/\/www.hotel-vodisek.com\/web\/wp-json\/wp\/v2\/comments?post=819"}],"version-history":[{"count":11,"href":"https:\/\/www.hotel-vodisek.com\/web\/wp-json\/wp\/v2\/pages\/819\/revisions"}],"predecessor-version":[{"id":2775,"href":"https:\/\/www.hotel-vodisek.com\/web\/wp-json\/wp\/v2\/pages\/819\/revisions\/2775"}],"wp:attachment":[{"href":"https:\/\/www.hotel-vodisek.com\/web\/wp-json\/wp\/v2\/media?parent=819"}],"curies":[{"name":"wp","href":"https:\/\/api.w.org\/{rel}","templated":true}]}}